{"id":906,"date":"2021-08-27T14:35:00","date_gmt":"2021-08-27T12:35:00","guid":{"rendered":"http:\/\/rw-moisling.de\/?page_id=906"},"modified":"2026-02-24T09:36:11","modified_gmt":"2026-02-24T08:36:11","slug":"turnen","status":"publish","type":"page","link":"https:\/\/rw-moisling.de\/index.php\/sparten\/turnen\/","title":{"rendered":"Kinderturnen"},"content":{"rendered":"<div id=\"block-3eac17a8-01b9-4ed4-9b36-ff9bb32fc41e\" class=\"wp-block block-editor-block-list__block has-selected-ui\" tabindex=\"0\" role=\"group\" data-block=\"3eac17a8-01b9-4ed4-9b36-ff9bb32fc41e\" data-type=\"core\/paragraph\" aria-label=\"Block: Absatz\">\n<p>Der Bereich Turnen ist unseren Kinder vorbehalten. Hier werden schon bei den Kleinsten ab 2 Jahren Grundfertigkeiten wie Koordination, Motorik, K\u00f6rpergef\u00fchl und Orientierung geschult. Mittels Bewegunslandschaften wird die Freude am Sport geweckt und sp\u00e4ter durch methodisches Training das K\u00f6nnen erweitert. Die Kinder erlernen Fertigkeiten, die im Schulsport h\u00e4ufig zu kurz kommen. Z. B.: St\u00fctzkraft an Ger\u00e4ten, Rotationsbewegungen des K\u00f6rpers und differenziertes Fortbewegen.<\/p>\n<\/div>\n<p>Unsere Trainer in diesem Bereich besitzen die C-Trainerlizenz und besuchen regelm\u00e4\u00dfig Fortbildungen in den Landessportschulen des LSV und SHTV.<\/p>\n<p>Mutter und Kind: \u00a0Freitags 16:00 &#8211; 17:00 Uhr<\/p>\n<p>Kindergruppe 4 &#8211; 7 Jahre Freitags 17:00 &#8211; 18:00 Uhr<\/p>\n<p><strong>Kontakt<\/strong><\/p>\n<p>Birgit Schulze<br \/>\nTel.: 0451-5822537<\/p>\n<hr \/>\n<p>Kindergruppe 4 &#8211; 6 Jahre Montags 16:00 &#8211; 17:00 Uhr<\/p>\n<p>Kindergruppe 7 &#8211; 9 Jahre Montags 17:00 &#8211; 18:00 Uhr<\/p>\n<p>ab 10 Jahre Montags 18:00 &#8211; 19:00 Uhr<\/p>\n<p>Wettkampfgruppe nach pers\u00f6nlicher Absprache<\/p>\n<p><strong>Kontakt<\/strong><\/p>\n<p>Anja Schwarz<br \/>\nTel.: 0451-36930<\/p>\n<p><a class=\"fbx-instance fbx-link\" href=\"https:\/\/rw-moisling.de\/wp-content\/uploads\/2017\/06\/csm_2-4_Jahre_16a445b79b.jpeg\"><img loading=\"lazy\" decoding=\"async\" class=\"size-full wp-image-910 aligncenter\" src=\"https:\/\/rw-moisling.de\/wp-content\/uploads\/2017\/06\/csm_2-4_Jahre_16a445b79b.jpeg\" alt=\"\" width=\"800\" height=\"600\" srcset=\"https:\/\/rw-moisling.de\/wp-content\/uploads\/2017\/06\/csm_2-4_Jahre_16a445b79b.jpeg 800w, https:\/\/rw-moisling.de\/wp-content\/uploads\/2017\/06\/csm_2-4_Jahre_16a445b79b-300x225.jpeg 300w, https:\/\/rw-moisling.de\/wp-content\/uploads\/2017\/06\/csm_2-4_Jahre_16a445b79b-768x576.jpeg 768w\" sizes=\"auto, (max-width: 800px) 100vw, 800px\" \/><\/a><\/p>\n","protected":false},"excerpt":{"rendered":"<p>Der Bereich Turnen ist unseren Kinder vorbehalten. Hier werden schon bei den Kleinsten ab 2 Jahren Grundfertigkeiten wie Koordination, Motorik, K\u00f6rpergef\u00fchl und Orientierung geschult. Mittels Bewegunslandschaften wird die Freude am Sport geweckt und sp\u00e4ter durch&hellip;<\/p>\n","protected":false},"author":1,"featured_media":0,"parent":102,"menu_order":0,"comment_status":"closed","ping_status":"closed","template":"","meta":{"footnotes":""},"class_list":["post-906","page","type-page","status-publish","hentry"],"yoast_head":"<!-- This site is optimized with the Yoast SEO plugin v27.5 - https:\/\/yoast.com\/product\/yoast-seo-wordpress\/ -->\n<title>Kinderturnen - Rot-Wei\u00df Moisling<\/title>\n<meta name=\"robots\" content=\"index, follow, max-snippet:-1, max-image-preview:large, max-video-preview:-1\" \/>\n<link rel=\"canonical\" href=\"https:\/\/rw-moisling.de\/index.php\/sparten\/turnen\/\" \/>\n<meta property=\"og:locale\" content=\"de_DE\" \/>\n<meta property=\"og:type\" content=\"article\" \/>\n<meta property=\"og:title\" content=\"Kinderturnen - Rot-Wei\u00df Moisling\" \/>\n<meta property=\"og:description\" content=\"Der Bereich Turnen ist unseren Kinder vorbehalten. Hier werden schon bei den Kleinsten ab 2 Jahren Grundfertigkeiten wie Koordination, Motorik, K\u00f6rpergef\u00fchl und Orientierung geschult. Mittels Bewegunslandschaften wird die Freude am Sport geweckt und sp\u00e4ter durch&hellip;\" \/>\n<meta property=\"og:url\" content=\"https:\/\/rw-moisling.de\/index.php\/sparten\/turnen\/\" \/>\n<meta property=\"og:site_name\" content=\"Rot-Wei\u00df Moisling\" \/>\n<meta property=\"article:modified_time\" content=\"2026-02-24T08:36:11+00:00\" \/>\n<meta property=\"og:image\" content=\"https:\/\/rw-moisling.de\/wp-content\/uploads\/2017\/06\/csm_2-4_Jahre_16a445b79b.jpeg\" \/>\n\t<meta property=\"og:image:width\" content=\"800\" \/>\n\t<meta property=\"og:image:height\" content=\"600\" \/>\n\t<meta property=\"og:image:type\" content=\"image\/jpeg\" \/>\n<meta name=\"twitter:card\" content=\"summary_large_image\" \/>\n<meta name=\"twitter:label1\" content=\"Gesch\u00e4tzte Lesezeit\" \/>\n\t<meta name=\"twitter:data1\" content=\"1\u00a0Minute\" \/>\n<script type=\"application\/ld+json\" class=\"yoast-schema-graph\">{\"@context\":\"https:\\\/\\\/schema.org\",\"@graph\":[{\"@type\":\"WebPage\",\"@id\":\"https:\\\/\\\/rw-moisling.de\\\/index.php\\\/sparten\\\/turnen\\\/\",\"url\":\"https:\\\/\\\/rw-moisling.de\\\/index.php\\\/sparten\\\/turnen\\\/\",\"name\":\"Kinderturnen - Rot-Wei\u00df Moisling\",\"isPartOf\":{\"@id\":\"https:\\\/\\\/rw-moisling.de\\\/#website\"},\"primaryImageOfPage\":{\"@id\":\"https:\\\/\\\/rw-moisling.de\\\/index.php\\\/sparten\\\/turnen\\\/#primaryimage\"},\"image\":{\"@id\":\"https:\\\/\\\/rw-moisling.de\\\/index.php\\\/sparten\\\/turnen\\\/#primaryimage\"},\"thumbnailUrl\":\"https:\\\/\\\/rw-moisling.de\\\/wp-content\\\/uploads\\\/2017\\\/06\\\/csm_2-4_Jahre_16a445b79b.jpeg\",\"datePublished\":\"2021-08-27T12:35:00+00:00\",\"dateModified\":\"2026-02-24T08:36:11+00:00\",\"breadcrumb\":{\"@id\":\"https:\\\/\\\/rw-moisling.de\\\/index.php\\\/sparten\\\/turnen\\\/#breadcrumb\"},\"inLanguage\":\"de\",\"potentialAction\":[{\"@type\":\"ReadAction\",\"target\":[\"https:\\\/\\\/rw-moisling.de\\\/index.php\\\/sparten\\\/turnen\\\/\"]}]},{\"@type\":\"ImageObject\",\"inLanguage\":\"de\",\"@id\":\"https:\\\/\\\/rw-moisling.de\\\/index.php\\\/sparten\\\/turnen\\\/#primaryimage\",\"url\":\"https:\\\/\\\/rw-moisling.de\\\/wp-content\\\/uploads\\\/2017\\\/06\\\/csm_2-4_Jahre_16a445b79b.jpeg\",\"contentUrl\":\"https:\\\/\\\/rw-moisling.de\\\/wp-content\\\/uploads\\\/2017\\\/06\\\/csm_2-4_Jahre_16a445b79b.jpeg\",\"width\":800,\"height\":600},{\"@type\":\"BreadcrumbList\",\"@id\":\"https:\\\/\\\/rw-moisling.de\\\/index.php\\\/sparten\\\/turnen\\\/#breadcrumb\",\"itemListElement\":[{\"@type\":\"ListItem\",\"position\":1,\"name\":\"Startseite\",\"item\":\"https:\\\/\\\/rw-moisling.de\\\/\"},{\"@type\":\"ListItem\",\"position\":2,\"name\":\"Sparten\",\"item\":\"https:\\\/\\\/rw-moisling.de\\\/index.php\\\/sparten\\\/\"},{\"@type\":\"ListItem\",\"position\":3,\"name\":\"Kinderturnen\"}]},{\"@type\":\"WebSite\",\"@id\":\"https:\\\/\\\/rw-moisling.de\\\/#website\",\"url\":\"https:\\\/\\\/rw-moisling.de\\\/\",\"name\":\"Rot-Wei\u00df Moisling von 1911 e.V.\",\"description\":\"\",\"potentialAction\":[{\"@type\":\"SearchAction\",\"target\":{\"@type\":\"EntryPoint\",\"urlTemplate\":\"https:\\\/\\\/rw-moisling.de\\\/?s={search_term_string}\"},\"query-input\":{\"@type\":\"PropertyValueSpecification\",\"valueRequired\":true,\"valueName\":\"search_term_string\"}}],\"inLanguage\":\"de\"}]}<\/script>\n<!-- \/ Yoast SEO plugin. -->","yoast_head_json":{"title":"Kinderturnen - Rot-Wei\u00df Moisling","robots":{"index":"index","follow":"follow","max-snippet":"max-snippet:-1","max-image-preview":"max-image-preview:large","max-video-preview":"max-video-preview:-1"},"canonical":"https:\/\/rw-moisling.de\/index.php\/sparten\/turnen\/","og_locale":"de_DE","og_type":"article","og_title":"Kinderturnen - Rot-Wei\u00df Moisling","og_description":"Der Bereich Turnen ist unseren Kinder vorbehalten. Hier werden schon bei den Kleinsten ab 2 Jahren Grundfertigkeiten wie Koordination, Motorik, K\u00f6rpergef\u00fchl und Orientierung geschult. Mittels Bewegunslandschaften wird die Freude am Sport geweckt und sp\u00e4ter durch&hellip;","og_url":"https:\/\/rw-moisling.de\/index.php\/sparten\/turnen\/","og_site_name":"Rot-Wei\u00df Moisling","article_modified_time":"2026-02-24T08:36:11+00:00","og_image":[{"width":800,"height":600,"url":"https:\/\/rw-moisling.de\/wp-content\/uploads\/2017\/06\/csm_2-4_Jahre_16a445b79b.jpeg","type":"image\/jpeg"}],"twitter_card":"summary_large_image","twitter_misc":{"Gesch\u00e4tzte Lesezeit":"1\u00a0Minute"},"schema":{"@context":"https:\/\/schema.org","@graph":[{"@type":"WebPage","@id":"https:\/\/rw-moisling.de\/index.php\/sparten\/turnen\/","url":"https:\/\/rw-moisling.de\/index.php\/sparten\/turnen\/","name":"Kinderturnen - Rot-Wei\u00df Moisling","isPartOf":{"@id":"https:\/\/rw-moisling.de\/#website"},"primaryImageOfPage":{"@id":"https:\/\/rw-moisling.de\/index.php\/sparten\/turnen\/#primaryimage"},"image":{"@id":"https:\/\/rw-moisling.de\/index.php\/sparten\/turnen\/#primaryimage"},"thumbnailUrl":"https:\/\/rw-moisling.de\/wp-content\/uploads\/2017\/06\/csm_2-4_Jahre_16a445b79b.jpeg","datePublished":"2021-08-27T12:35:00+00:00","dateModified":"2026-02-24T08:36:11+00:00","breadcrumb":{"@id":"https:\/\/rw-moisling.de\/index.php\/sparten\/turnen\/#breadcrumb"},"inLanguage":"de","potentialAction":[{"@type":"ReadAction","target":["https:\/\/rw-moisling.de\/index.php\/sparten\/turnen\/"]}]},{"@type":"ImageObject","inLanguage":"de","@id":"https:\/\/rw-moisling.de\/index.php\/sparten\/turnen\/#primaryimage","url":"https:\/\/rw-moisling.de\/wp-content\/uploads\/2017\/06\/csm_2-4_Jahre_16a445b79b.jpeg","contentUrl":"https:\/\/rw-moisling.de\/wp-content\/uploads\/2017\/06\/csm_2-4_Jahre_16a445b79b.jpeg","width":800,"height":600},{"@type":"BreadcrumbList","@id":"https:\/\/rw-moisling.de\/index.php\/sparten\/turnen\/#breadcrumb","itemListElement":[{"@type":"ListItem","position":1,"name":"Startseite","item":"https:\/\/rw-moisling.de\/"},{"@type":"ListItem","position":2,"name":"Sparten","item":"https:\/\/rw-moisling.de\/index.php\/sparten\/"},{"@type":"ListItem","position":3,"name":"Kinderturnen"}]},{"@type":"WebSite","@id":"https:\/\/rw-moisling.de\/#website","url":"https:\/\/rw-moisling.de\/","name":"Rot-Wei\u00df Moisling von 1911 e.V.","description":"","potentialAction":[{"@type":"SearchAction","target":{"@type":"EntryPoint","urlTemplate":"https:\/\/rw-moisling.de\/?s={search_term_string}"},"query-input":{"@type":"PropertyValueSpecification","valueRequired":true,"valueName":"search_term_string"}}],"inLanguage":"de"}]}},"_links":{"self":[{"href":"https:\/\/rw-moisling.de\/index.php\/wp-json\/wp\/v2\/pages\/906","targetHints":{"allow":["GET"]}}],"collection":[{"href":"https:\/\/rw-moisling.de\/index.php\/wp-json\/wp\/v2\/pages"}],"about":[{"href":"https:\/\/rw-moisling.de\/index.php\/wp-json\/wp\/v2\/types\/page"}],"author":[{"embeddable":true,"href":"https:\/\/rw-moisling.de\/index.php\/wp-json\/wp\/v2\/users\/1"}],"replies":[{"embeddable":true,"href":"https:\/\/rw-moisling.de\/index.php\/wp-json\/wp\/v2\/comments?post=906"}],"version-history":[{"count":24,"href":"https:\/\/rw-moisling.de\/index.php\/wp-json\/wp\/v2\/pages\/906\/revisions"}],"predecessor-version":[{"id":4274,"href":"https:\/\/rw-moisling.de\/index.php\/wp-json\/wp\/v2\/pages\/906\/revisions\/4274"}],"up":[{"embeddable":true,"href":"https:\/\/rw-moisling.de\/index.php\/wp-json\/wp\/v2\/pages\/102"}],"wp:attachment":[{"href":"https:\/\/rw-moisling.de\/index.php\/wp-json\/wp\/v2\/media?parent=906"}],"curies":[{"name":"wp","href":"https:\/\/api.w.org\/{rel}","templated":true}]}}