{"id":62,"date":"2017-05-22T15:00:46","date_gmt":"2017-05-22T13:00:46","guid":{"rendered":"http:\/\/rw-moisling.de\/?page_id=62"},"modified":"2026-02-13T12:15:54","modified_gmt":"2026-02-13T11:15:54","slug":"geschaeftsstelle","status":"publish","type":"page","link":"https:\/\/rw-moisling.de\/index.php\/geschaeftsstelle\/","title":{"rendered":"Gesch\u00e4ftsstelle"},"content":{"rendered":"<p>Gesch\u00e4ftsstelle der Spielvereinigung Rot Wei\u00df Moisling<br \/>\nBr\u00fcder-Grimm-Ring 4b<br \/>\n23560 L\u00fcbeck<\/p>\n<p>Die Gesch\u00e4ftsstelle ist jeden 2. und 4. Montag eines Monats von 18.00 Uhr bis 20.00 Uhr ge\u00f6ffnet.<\/p>\n<p><span class=\"wpaicg-chat-message\">Nachfolgende Kontaktdaten dienen ausschlie\u00dflich Vereinsangelegenheiten. <\/span><span id=\"wpaicg-chat-message-96330\" class=\"wpaicg-chat-message\">F\u00fcr Anfragen zur Sportgastst\u00e4tte Anpfiff verwenden Sie bitte Telefon <strong>0163-7933946<\/strong> bzw. E-Mail <strong><a href=\"&#109;&#097;&#105;&#108;&#116;&#111;&#058;&#115;&#112;&#111;&#114;&#116;&#103;&#097;&#115;&#116;&#115;&#116;&#097;&#101;&#116;&#116;&#101;&#045;&#097;&#110;&#112;&#102;&#105;&#102;&#102;&#064;&#116;&#045;&#111;&#110;&#108;&#105;&#110;&#101;&#046;&#100;&#101;\">&#115;&#112;&#111;&#114;&#116;&#103;&#097;&#115;&#116;&#115;&#116;&#097;&#101;&#116;&#116;&#101;&#045;&#097;&#110;&#112;&#102;&#105;&#102;&#102;&#064;&#116;&#045;&#111;&#110;&#108;&#105;&#110;&#101;&#046;&#100;&#101;<\/a><\/strong>.<\/span><\/p>\n<p>Telefon: <strong>0451 802240<\/strong><br \/>\nTelefax: <strong>0451 2929864<\/strong><br \/>\nE-Mail: <a href=\"&#109;&#097;&#105;&#108;&#116;&#111;&#058;&#105;&#110;&#102;&#111;&#064;&#114;&#119;&#045;&#109;&#111;&#105;&#115;&#108;&#105;&#110;&#103;&#046;&#100;&#101;\">&#105;&#110;&#102;&#111;&#064;&#114;&#119;&#045;&#109;&#111;&#105;&#115;&#108;&#105;&#110;&#103;&#046;&#100;&#101;<\/a><\/p>\n","protected":false},"excerpt":{"rendered":"<p>Gesch\u00e4ftsstelle der Spielvereinigung Rot Wei\u00df Moisling Br\u00fcder-Grimm-Ring 4b 23560 L\u00fcbeck Die Gesch\u00e4ftsstelle ist jeden 2. und 4. Montag eines Monats von 18.00 Uhr bis 20.00 Uhr ge\u00f6ffnet. Nachfolgende Kontaktdaten dienen ausschlie\u00dflich Vereinsangelegenheiten. F\u00fcr Anfragen zur&hellip;<\/p>\n","protected":false},"author":1,"featured_media":0,"parent":0,"menu_order":0,"comment_status":"closed","ping_status":"closed","template":"","meta":{"footnotes":""},"class_list":["post-62","page","type-page","status-publish","hentry"],"yoast_head":"<!-- This site is optimized with the Yoast SEO plugin v27.5 - https:\/\/yoast.com\/product\/yoast-seo-wordpress\/ -->\n<title>Gesch\u00e4ftsstelle - Rot-Wei\u00df Moisling<\/title>\n<meta name=\"robots\" content=\"index, follow, max-snippet:-1, max-image-preview:large, max-video-preview:-1\" \/>\n<link rel=\"canonical\" href=\"https:\/\/rw-moisling.de\/index.php\/geschaeftsstelle\/\" \/>\n<meta property=\"og:locale\" content=\"de_DE\" \/>\n<meta property=\"og:type\" content=\"article\" \/>\n<meta property=\"og:title\" content=\"Gesch\u00e4ftsstelle - Rot-Wei\u00df Moisling\" \/>\n<meta property=\"og:description\" content=\"Gesch\u00e4ftsstelle der Spielvereinigung Rot Wei\u00df Moisling Br\u00fcder-Grimm-Ring 4b 23560 L\u00fcbeck Die Gesch\u00e4ftsstelle ist jeden 2. und 4. Montag eines Monats von 18.00 Uhr bis 20.00 Uhr ge\u00f6ffnet. Nachfolgende Kontaktdaten dienen ausschlie\u00dflich Vereinsangelegenheiten. F\u00fcr Anfragen zur&hellip;\" \/>\n<meta property=\"og:url\" content=\"https:\/\/rw-moisling.de\/index.php\/geschaeftsstelle\/\" \/>\n<meta property=\"og:site_name\" content=\"Rot-Wei\u00df Moisling\" \/>\n<meta property=\"article:modified_time\" content=\"2026-02-13T11:15:54+00:00\" \/>\n<meta name=\"twitter:card\" content=\"summary_large_image\" \/>\n<meta name=\"twitter:label1\" content=\"Gesch\u00e4tzte Lesezeit\" \/>\n\t<meta name=\"twitter:data1\" content=\"1\u00a0Minute\" \/>\n<script type=\"application\/ld+json\" class=\"yoast-schema-graph\">{\"@context\":\"https:\\\/\\\/schema.org\",\"@graph\":[{\"@type\":\"WebPage\",\"@id\":\"https:\\\/\\\/rw-moisling.de\\\/index.php\\\/geschaeftsstelle\\\/\",\"url\":\"https:\\\/\\\/rw-moisling.de\\\/index.php\\\/geschaeftsstelle\\\/\",\"name\":\"Gesch\u00e4ftsstelle - Rot-Wei\u00df Moisling\",\"isPartOf\":{\"@id\":\"https:\\\/\\\/rw-moisling.de\\\/#website\"},\"datePublished\":\"2017-05-22T13:00:46+00:00\",\"dateModified\":\"2026-02-13T11:15:54+00:00\",\"breadcrumb\":{\"@id\":\"https:\\\/\\\/rw-moisling.de\\\/index.php\\\/geschaeftsstelle\\\/#breadcrumb\"},\"inLanguage\":\"de\",\"potentialAction\":[{\"@type\":\"ReadAction\",\"target\":[\"https:\\\/\\\/rw-moisling.de\\\/index.php\\\/geschaeftsstelle\\\/\"]}]},{\"@type\":\"BreadcrumbList\",\"@id\":\"https:\\\/\\\/rw-moisling.de\\\/index.php\\\/geschaeftsstelle\\\/#breadcrumb\",\"itemListElement\":[{\"@type\":\"ListItem\",\"position\":1,\"name\":\"Startseite\",\"item\":\"https:\\\/\\\/rw-moisling.de\\\/\"},{\"@type\":\"ListItem\",\"position\":2,\"name\":\"Gesch\u00e4ftsstelle\"}]},{\"@type\":\"WebSite\",\"@id\":\"https:\\\/\\\/rw-moisling.de\\\/#website\",\"url\":\"https:\\\/\\\/rw-moisling.de\\\/\",\"name\":\"Rot-Wei\u00df Moisling von 1911 e.V.\",\"description\":\"\",\"potentialAction\":[{\"@type\":\"SearchAction\",\"target\":{\"@type\":\"EntryPoint\",\"urlTemplate\":\"https:\\\/\\\/rw-moisling.de\\\/?s={search_term_string}\"},\"query-input\":{\"@type\":\"PropertyValueSpecification\",\"valueRequired\":true,\"valueName\":\"search_term_string\"}}],\"inLanguage\":\"de\"}]}<\/script>\n<!-- \/ Yoast SEO plugin. -->","yoast_head_json":{"title":"Gesch\u00e4ftsstelle - Rot-Wei\u00df Moisling","robots":{"index":"index","follow":"follow","max-snippet":"max-snippet:-1","max-image-preview":"max-image-preview:large","max-video-preview":"max-video-preview:-1"},"canonical":"https:\/\/rw-moisling.de\/index.php\/geschaeftsstelle\/","og_locale":"de_DE","og_type":"article","og_title":"Gesch\u00e4ftsstelle - Rot-Wei\u00df Moisling","og_description":"Gesch\u00e4ftsstelle der Spielvereinigung Rot Wei\u00df Moisling Br\u00fcder-Grimm-Ring 4b 23560 L\u00fcbeck Die Gesch\u00e4ftsstelle ist jeden 2. und 4. Montag eines Monats von 18.00 Uhr bis 20.00 Uhr ge\u00f6ffnet. Nachfolgende Kontaktdaten dienen ausschlie\u00dflich Vereinsangelegenheiten. F\u00fcr Anfragen zur&hellip;","og_url":"https:\/\/rw-moisling.de\/index.php\/geschaeftsstelle\/","og_site_name":"Rot-Wei\u00df Moisling","article_modified_time":"2026-02-13T11:15:54+00:00","twitter_card":"summary_large_image","twitter_misc":{"Gesch\u00e4tzte Lesezeit":"1\u00a0Minute"},"schema":{"@context":"https:\/\/schema.org","@graph":[{"@type":"WebPage","@id":"https:\/\/rw-moisling.de\/index.php\/geschaeftsstelle\/","url":"https:\/\/rw-moisling.de\/index.php\/geschaeftsstelle\/","name":"Gesch\u00e4ftsstelle - Rot-Wei\u00df Moisling","isPartOf":{"@id":"https:\/\/rw-moisling.de\/#website"},"datePublished":"2017-05-22T13:00:46+00:00","dateModified":"2026-02-13T11:15:54+00:00","breadcrumb":{"@id":"https:\/\/rw-moisling.de\/index.php\/geschaeftsstelle\/#breadcrumb"},"inLanguage":"de","potentialAction":[{"@type":"ReadAction","target":["https:\/\/rw-moisling.de\/index.php\/geschaeftsstelle\/"]}]},{"@type":"BreadcrumbList","@id":"https:\/\/rw-moisling.de\/index.php\/geschaeftsstelle\/#breadcrumb","itemListElement":[{"@type":"ListItem","position":1,"name":"Startseite","item":"https:\/\/rw-moisling.de\/"},{"@type":"ListItem","position":2,"name":"Gesch\u00e4ftsstelle"}]},{"@type":"WebSite","@id":"https:\/\/rw-moisling.de\/#website","url":"https:\/\/rw-moisling.de\/","name":"Rot-Wei\u00df Moisling von 1911 e.V.","description":"","potentialAction":[{"@type":"SearchAction","target":{"@type":"EntryPoint","urlTemplate":"https:\/\/rw-moisling.de\/?s={search_term_string}"},"query-input":{"@type":"PropertyValueSpecification","valueRequired":true,"valueName":"search_term_string"}}],"inLanguage":"de"}]}},"_links":{"self":[{"href":"https:\/\/rw-moisling.de\/index.php\/wp-json\/wp\/v2\/pages\/62","targetHints":{"allow":["GET"]}}],"collection":[{"href":"https:\/\/rw-moisling.de\/index.php\/wp-json\/wp\/v2\/pages"}],"about":[{"href":"https:\/\/rw-moisling.de\/index.php\/wp-json\/wp\/v2\/types\/page"}],"author":[{"embeddable":true,"href":"https:\/\/rw-moisling.de\/index.php\/wp-json\/wp\/v2\/users\/1"}],"replies":[{"embeddable":true,"href":"https:\/\/rw-moisling.de\/index.php\/wp-json\/wp\/v2\/comments?post=62"}],"version-history":[{"count":10,"href":"https:\/\/rw-moisling.de\/index.php\/wp-json\/wp\/v2\/pages\/62\/revisions"}],"predecessor-version":[{"id":4246,"href":"https:\/\/rw-moisling.de\/index.php\/wp-json\/wp\/v2\/pages\/62\/revisions\/4246"}],"wp:attachment":[{"href":"https:\/\/rw-moisling.de\/index.php\/wp-json\/wp\/v2\/media?parent=62"}],"curies":[{"name":"wp","href":"https:\/\/api.w.org\/{rel}","templated":true}]}}