{"id":271,"date":"2017-05-29T15:46:47","date_gmt":"2017-05-29T13:46:47","guid":{"rendered":"http:\/\/rw-moisling.de\/?page_id=271"},"modified":"2026-02-13T16:21:54","modified_gmt":"2026-02-13T15:21:54","slug":"prellball","status":"publish","type":"page","link":"https:\/\/rw-moisling.de\/index.php\/sparten\/prellball\/","title":{"rendered":"Prellball"},"content":{"rendered":"<p>Ein ideales Turnspiel, das die richtige Mischung aus Fitnesstraining, sportlicher Herausforderung, positiver Freizeitgestaltung und Geselligkeit bietet.<\/p>\n<p>Dieses interessante Ballspiel wird in allen Altersgruppen von M\u00e4dchen, Jungen, Frauen und M\u00e4nnern gespielt. Durch das 40 cm hohe Netz \u00fcber der Mittellinie ist das 8 x 16 m gro\u00dfe Feld getrennt. Dieses kleine Feld, das schnell hergerichtet ist, macht das Mannschaftspiel lebendig und spannend, erfordert k\u00e4mpferischen Einsatz und f\u00f6rdert die Reaktionsschnelligkeit.<\/p>\n<p>Prellball ist praktisch wie Tennis, nur mit 3-4 Spielern je Mannschaft und F\u00e4usten statt Schl\u00e4gern. Der Ball muss wie bei der Angabe im Tischtennis einmal im eigenen Feld und einmal im gegnerischen landen. Ausf\u00fchrliche Informationen liefert der Wiki-Artikel, ansehnlich ist auch eine kurze Reportage von Radio Bremen, wobei bei uns im Gegensatz zu den Profispielern niemand rote oder gar geschwollene H\u00e4nde nach dem Training hat. Im Gegenteil: Prellball ist sehr gut geeignet f\u00fcr die Senioren des Vereins, unser \u00e4ltester Spieler z.B. ist Bj. \u201940!<\/p>\n<p><strong>Wir spielen freitags von 18:00 bis 19:30 Uhr in der kleinen Sporthalle bei der Heinrich-Mann-Schule im Br\u00fcder-Grimm-Ring 10 in Moisling.<\/strong><\/p>\n<p>F\u00fcr weitere Informationen steht Ressortleiter Jan Krafzick telefonisch unter 0178 \/ 6633338 oder per Mail an <a href=\"mailto:prellball@rw-moisling.de\">prellball@rw-moisling.de<\/a> zur Verf\u00fcgung. Oder am besten vorbeikommen, ansehen oder gleich mitmachen, Hallenschuhe nicht vergessen. Duschen sind nat\u00fcrlich auch vorhanden.<\/p>\n<p>Mach mit \u2013 Halt Dich fit!<\/p>\n","protected":false},"excerpt":{"rendered":"<p>Ein ideales Turnspiel, das die richtige Mischung aus Fitnesstraining, sportlicher Herausforderung, positiver Freizeitgestaltung und Geselligkeit bietet. Dieses interessante Ballspiel wird in allen Altersgruppen von M\u00e4dchen, Jungen, Frauen und M\u00e4nnern gespielt. Durch das 40 cm hohe&hellip;<\/p>\n","protected":false},"author":17,"featured_media":0,"parent":102,"menu_order":0,"comment_status":"closed","ping_status":"closed","template":"","meta":{"footnotes":""},"class_list":["post-271","page","type-page","status-publish","hentry"],"yoast_head":"<!-- This site is optimized with the Yoast SEO plugin v27.5 - https:\/\/yoast.com\/product\/yoast-seo-wordpress\/ -->\n<title>Prellball - Rot-Wei\u00df Moisling<\/title>\n<meta name=\"robots\" content=\"index, follow, max-snippet:-1, max-image-preview:large, max-video-preview:-1\" \/>\n<link rel=\"canonical\" href=\"https:\/\/rw-moisling.de\/index.php\/sparten\/prellball\/\" \/>\n<meta property=\"og:locale\" content=\"de_DE\" \/>\n<meta property=\"og:type\" content=\"article\" \/>\n<meta property=\"og:title\" content=\"Prellball - Rot-Wei\u00df Moisling\" \/>\n<meta property=\"og:description\" content=\"Ein ideales Turnspiel, das die richtige Mischung aus Fitnesstraining, sportlicher Herausforderung, positiver Freizeitgestaltung und Geselligkeit bietet. Dieses interessante Ballspiel wird in allen Altersgruppen von M\u00e4dchen, Jungen, Frauen und M\u00e4nnern gespielt. Durch das 40 cm hohe&hellip;\" \/>\n<meta property=\"og:url\" content=\"https:\/\/rw-moisling.de\/index.php\/sparten\/prellball\/\" \/>\n<meta property=\"og:site_name\" content=\"Rot-Wei\u00df Moisling\" \/>\n<meta property=\"article:modified_time\" content=\"2026-02-13T15:21:54+00:00\" \/>\n<meta name=\"twitter:card\" content=\"summary_large_image\" \/>\n<meta name=\"twitter:label1\" content=\"Gesch\u00e4tzte Lesezeit\" \/>\n\t<meta name=\"twitter:data1\" content=\"2\u00a0Minuten\" \/>\n<script type=\"application\/ld+json\" class=\"yoast-schema-graph\">{\"@context\":\"https:\\\/\\\/schema.org\",\"@graph\":[{\"@type\":\"WebPage\",\"@id\":\"https:\\\/\\\/rw-moisling.de\\\/index.php\\\/sparten\\\/prellball\\\/\",\"url\":\"https:\\\/\\\/rw-moisling.de\\\/index.php\\\/sparten\\\/prellball\\\/\",\"name\":\"Prellball - Rot-Wei\u00df Moisling\",\"isPartOf\":{\"@id\":\"https:\\\/\\\/rw-moisling.de\\\/#website\"},\"datePublished\":\"2017-05-29T13:46:47+00:00\",\"dateModified\":\"2026-02-13T15:21:54+00:00\",\"breadcrumb\":{\"@id\":\"https:\\\/\\\/rw-moisling.de\\\/index.php\\\/sparten\\\/prellball\\\/#breadcrumb\"},\"inLanguage\":\"de\",\"potentialAction\":[{\"@type\":\"ReadAction\",\"target\":[\"https:\\\/\\\/rw-moisling.de\\\/index.php\\\/sparten\\\/prellball\\\/\"]}]},{\"@type\":\"BreadcrumbList\",\"@id\":\"https:\\\/\\\/rw-moisling.de\\\/index.php\\\/sparten\\\/prellball\\\/#breadcrumb\",\"itemListElement\":[{\"@type\":\"ListItem\",\"position\":1,\"name\":\"Startseite\",\"item\":\"https:\\\/\\\/rw-moisling.de\\\/\"},{\"@type\":\"ListItem\",\"position\":2,\"name\":\"Sparten\",\"item\":\"https:\\\/\\\/rw-moisling.de\\\/index.php\\\/sparten\\\/\"},{\"@type\":\"ListItem\",\"position\":3,\"name\":\"Prellball\"}]},{\"@type\":\"WebSite\",\"@id\":\"https:\\\/\\\/rw-moisling.de\\\/#website\",\"url\":\"https:\\\/\\\/rw-moisling.de\\\/\",\"name\":\"Rot-Wei\u00df Moisling von 1911 e.V.\",\"description\":\"\",\"potentialAction\":[{\"@type\":\"SearchAction\",\"target\":{\"@type\":\"EntryPoint\",\"urlTemplate\":\"https:\\\/\\\/rw-moisling.de\\\/?s={search_term_string}\"},\"query-input\":{\"@type\":\"PropertyValueSpecification\",\"valueRequired\":true,\"valueName\":\"search_term_string\"}}],\"inLanguage\":\"de\"}]}<\/script>\n<!-- \/ Yoast SEO plugin. -->","yoast_head_json":{"title":"Prellball - Rot-Wei\u00df Moisling","robots":{"index":"index","follow":"follow","max-snippet":"max-snippet:-1","max-image-preview":"max-image-preview:large","max-video-preview":"max-video-preview:-1"},"canonical":"https:\/\/rw-moisling.de\/index.php\/sparten\/prellball\/","og_locale":"de_DE","og_type":"article","og_title":"Prellball - Rot-Wei\u00df Moisling","og_description":"Ein ideales Turnspiel, das die richtige Mischung aus Fitnesstraining, sportlicher Herausforderung, positiver Freizeitgestaltung und Geselligkeit bietet. Dieses interessante Ballspiel wird in allen Altersgruppen von M\u00e4dchen, Jungen, Frauen und M\u00e4nnern gespielt. Durch das 40 cm hohe&hellip;","og_url":"https:\/\/rw-moisling.de\/index.php\/sparten\/prellball\/","og_site_name":"Rot-Wei\u00df Moisling","article_modified_time":"2026-02-13T15:21:54+00:00","twitter_card":"summary_large_image","twitter_misc":{"Gesch\u00e4tzte Lesezeit":"2\u00a0Minuten"},"schema":{"@context":"https:\/\/schema.org","@graph":[{"@type":"WebPage","@id":"https:\/\/rw-moisling.de\/index.php\/sparten\/prellball\/","url":"https:\/\/rw-moisling.de\/index.php\/sparten\/prellball\/","name":"Prellball - Rot-Wei\u00df Moisling","isPartOf":{"@id":"https:\/\/rw-moisling.de\/#website"},"datePublished":"2017-05-29T13:46:47+00:00","dateModified":"2026-02-13T15:21:54+00:00","breadcrumb":{"@id":"https:\/\/rw-moisling.de\/index.php\/sparten\/prellball\/#breadcrumb"},"inLanguage":"de","potentialAction":[{"@type":"ReadAction","target":["https:\/\/rw-moisling.de\/index.php\/sparten\/prellball\/"]}]},{"@type":"BreadcrumbList","@id":"https:\/\/rw-moisling.de\/index.php\/sparten\/prellball\/#breadcrumb","itemListElement":[{"@type":"ListItem","position":1,"name":"Startseite","item":"https:\/\/rw-moisling.de\/"},{"@type":"ListItem","position":2,"name":"Sparten","item":"https:\/\/rw-moisling.de\/index.php\/sparten\/"},{"@type":"ListItem","position":3,"name":"Prellball"}]},{"@type":"WebSite","@id":"https:\/\/rw-moisling.de\/#website","url":"https:\/\/rw-moisling.de\/","name":"Rot-Wei\u00df Moisling von 1911 e.V.","description":"","potentialAction":[{"@type":"SearchAction","target":{"@type":"EntryPoint","urlTemplate":"https:\/\/rw-moisling.de\/?s={search_term_string}"},"query-input":{"@type":"PropertyValueSpecification","valueRequired":true,"valueName":"search_term_string"}}],"inLanguage":"de"}]}},"_links":{"self":[{"href":"https:\/\/rw-moisling.de\/index.php\/wp-json\/wp\/v2\/pages\/271","targetHints":{"allow":["GET"]}}],"collection":[{"href":"https:\/\/rw-moisling.de\/index.php\/wp-json\/wp\/v2\/pages"}],"about":[{"href":"https:\/\/rw-moisling.de\/index.php\/wp-json\/wp\/v2\/types\/page"}],"author":[{"embeddable":true,"href":"https:\/\/rw-moisling.de\/index.php\/wp-json\/wp\/v2\/users\/17"}],"replies":[{"embeddable":true,"href":"https:\/\/rw-moisling.de\/index.php\/wp-json\/wp\/v2\/comments?post=271"}],"version-history":[{"count":14,"href":"https:\/\/rw-moisling.de\/index.php\/wp-json\/wp\/v2\/pages\/271\/revisions"}],"predecessor-version":[{"id":4254,"href":"https:\/\/rw-moisling.de\/index.php\/wp-json\/wp\/v2\/pages\/271\/revisions\/4254"}],"up":[{"embeddable":true,"href":"https:\/\/rw-moisling.de\/index.php\/wp-json\/wp\/v2\/pages\/102"}],"wp:attachment":[{"href":"https:\/\/rw-moisling.de\/index.php\/wp-json\/wp\/v2\/media?parent=271"}],"curies":[{"name":"wp","href":"https:\/\/api.w.org\/{rel}","templated":true}]}}