{"id":2538,"date":"2020-08-22T22:19:55","date_gmt":"2020-08-22T20:19:55","guid":{"rendered":"https:\/\/rw-moisling.de\/?page_id=2538"},"modified":"2026-02-19T21:31:30","modified_gmt":"2026-02-19T20:31:30","slug":"willkommen-2","status":"publish","type":"page","link":"https:\/\/rw-moisling.de\/","title":{"rendered":"Willkommen"},"content":{"rendered":"\r\n<div class=\"wp-block-group\">\r\n<div class=\"wp-block-group__inner-container is-layout-flow wp-block-group-is-layout-flow\">\r\n<div class=\"wp-block-group\">\r\n<div class=\"wp-block-group__inner-container is-layout-flow wp-block-group-is-layout-flow\"><ul class=\"wp-block-latest-posts__list has-dates wp-block-latest-posts\"><li><div class=\"wp-block-latest-posts__featured-image alignleft\"><img loading=\"lazy\" decoding=\"async\" width=\"300\" height=\"213\" src=\"https:\/\/rw-moisling.de\/wp-content\/uploads\/2018\/09\/Fussball-1-300x213.jpg\" class=\"attachment-medium size-medium wp-post-image\" alt=\"\" style=\"\" srcset=\"https:\/\/rw-moisling.de\/wp-content\/uploads\/2018\/09\/Fussball-1-300x213.jpg 300w, https:\/\/rw-moisling.de\/wp-content\/uploads\/2018\/09\/Fussball-1-768x545.jpg 768w, https:\/\/rw-moisling.de\/wp-content\/uploads\/2018\/09\/Fussball-1-1024x726.jpg 1024w, https:\/\/rw-moisling.de\/wp-content\/uploads\/2018\/09\/Fussball-1.jpg 2022w\" sizes=\"auto, (max-width: 300px) 100vw, 300px\" \/><\/div><a class=\"wp-block-latest-posts__post-title\" href=\"https:\/\/rw-moisling.de\/index.php\/2026\/04\/20\/fussball-naechstes-heimspiel-der-1-herren\/\">N\u00e4chste Spiele RWM-Fu\u00dfball?<\/a><time datetime=\"2026-04-20T10:13:00+02:00\" class=\"wp-block-latest-posts__post-date\">20. April 2026<\/time><div class=\"wp-block-latest-posts__post-excerpt\">&nbsp; Liebe Sportfreunde und Sportfreundinnen, sowie Moislinger Fussballfans hier findet Ihr unsere Ansetzungen. \u00dcber einen Besuch w\u00fcrden wir uns sehr freuen. N\u00e4chste Spiele Liebe Sportfreunde und Sportfreundinnen, leider m\u00fcssen wir euch mitteilen, dass das kommende&hellip;<\/div><\/li>\n<li><div class=\"wp-block-latest-posts__featured-image alignleft\"><img loading=\"lazy\" decoding=\"async\" width=\"300\" height=\"171\" src=\"https:\/\/rw-moisling.de\/wp-content\/uploads\/2025\/02\/Bildschirmfoto-2025-02-20-um-09.48.22-300x171.png\" class=\"attachment-medium size-medium wp-post-image\" alt=\"\" style=\"\" srcset=\"https:\/\/rw-moisling.de\/wp-content\/uploads\/2025\/02\/Bildschirmfoto-2025-02-20-um-09.48.22-300x171.png 300w, https:\/\/rw-moisling.de\/wp-content\/uploads\/2025\/02\/Bildschirmfoto-2025-02-20-um-09.48.22-1024x583.png 1024w, https:\/\/rw-moisling.de\/wp-content\/uploads\/2025\/02\/Bildschirmfoto-2025-02-20-um-09.48.22-768x438.png 768w, https:\/\/rw-moisling.de\/wp-content\/uploads\/2025\/02\/Bildschirmfoto-2025-02-20-um-09.48.22-1536x875.png 1536w, https:\/\/rw-moisling.de\/wp-content\/uploads\/2025\/02\/Bildschirmfoto-2025-02-20-um-09.48.22.png 1815w\" sizes=\"auto, (max-width: 300px) 100vw, 300px\" \/><\/div><a class=\"wp-block-latest-posts__post-title\" href=\"https:\/\/rw-moisling.de\/index.php\/2026\/02\/14\/jahreshauptversammlung-2026\/\">Jahreshauptversammlung 2026<\/a><time datetime=\"2026-02-14T10:23:10+01:00\" class=\"wp-block-latest-posts__post-date\">14. Februar 2026<\/time><div class=\"wp-block-latest-posts__post-excerpt\">Liebe Mitglieder der Spielvereinigung Rot-Wei\u00df Moisling von 1911 e.V., hiermit m\u00f6chten wir Euch zur diesj\u00e4hrigen Jahreshauptversammlung einladen. Die JHV 2026 findet am Dienstag, den 17.03.2026 ab 19 Uhr im Vereinsheim Br\u00fcder-Grimm-Ring 4b statt. Wir freuen&hellip;<\/div><\/li>\n<li><div class=\"wp-block-latest-posts__featured-image alignleft\"><img loading=\"lazy\" decoding=\"async\" width=\"300\" height=\"195\" src=\"https:\/\/rw-moisling.de\/wp-content\/uploads\/2025\/02\/Einladung-1-300x195.png\" class=\"attachment-medium size-medium wp-post-image\" alt=\"Jahreshauptversammlung 2025 - Fu\u00dfball\" style=\"\" srcset=\"https:\/\/rw-moisling.de\/wp-content\/uploads\/2025\/02\/Einladung-1-300x195.png 300w, https:\/\/rw-moisling.de\/wp-content\/uploads\/2025\/02\/Einladung-1-768x500.png 768w, https:\/\/rw-moisling.de\/wp-content\/uploads\/2025\/02\/Einladung-1.png 864w\" sizes=\"auto, (max-width: 300px) 100vw, 300px\" \/><\/div><a class=\"wp-block-latest-posts__post-title\" href=\"https:\/\/rw-moisling.de\/index.php\/2026\/02\/04\/jahreshauptversammlung-2026-der-fussballabteilung\/\">Jahreshauptversammlung 2026 der Fu\u00dfballabteilung<\/a><time datetime=\"2026-02-04T10:28:04+01:00\" class=\"wp-block-latest-posts__post-date\">4. Februar 2026<\/time><div class=\"wp-block-latest-posts__post-excerpt\">Liebe Mitglieder der Fu\u00dfballabteilung, es ist wieder soweit. Hiermit laden wir Euch herzlichst zur Jahreshauptversammlung 2026 der Fu\u00dfballabteilung im Vereinsheim (Bru\u0308der-Grimm-Ring 4b, 23560 Lu\u0308beck) ein. Die Jahreshauptversammlung findet in diesem Jahr am Dienstag, den 03.03.2026&hellip;<\/div><\/li>\n<li><div class=\"wp-block-latest-posts__featured-image alignleft\"><img loading=\"lazy\" decoding=\"async\" width=\"212\" height=\"300\" src=\"https:\/\/rw-moisling.de\/wp-content\/uploads\/2025\/09\/PL_A1_Campus_web-212x300.webp\" class=\"attachment-medium size-medium wp-post-image\" alt=\"\" style=\"\" srcset=\"https:\/\/rw-moisling.de\/wp-content\/uploads\/2025\/09\/PL_A1_Campus_web-212x300.webp 212w, https:\/\/rw-moisling.de\/wp-content\/uploads\/2025\/09\/PL_A1_Campus_web.webp 452w\" sizes=\"auto, (max-width: 212px) 100vw, 212px\" \/><\/div><a class=\"wp-block-latest-posts__post-title\" href=\"https:\/\/rw-moisling.de\/index.php\/2025\/09\/26\/campusfest-2025\/\">Campusfest 2025<\/a><time datetime=\"2025-09-26T11:43:28+02:00\" class=\"wp-block-latest-posts__post-date\">26. September 2025<\/time><div class=\"wp-block-latest-posts__post-excerpt\">Das Projekt Campus Moisling l\u00e4dt am Freitag, den 26. September 2025 von 15 bis 18 Uhr zum Fest f\u00fcr alle Menschen aus Moisling auf den Campus Moisling, Br\u00fcder-Grimm-Ring 6-8, ein. Es gibt ein vielf\u00e4ltiges B\u00fchnenprogramm,&hellip;<\/div><\/li>\n<li><div class=\"wp-block-latest-posts__featured-image alignleft\"><img loading=\"lazy\" decoding=\"async\" width=\"300\" height=\"200\" src=\"https:\/\/rw-moisling.de\/wp-content\/uploads\/2025\/03\/IMG_6493-300x200.jpg\" class=\"attachment-medium size-medium wp-post-image\" alt=\"\" style=\"\" srcset=\"https:\/\/rw-moisling.de\/wp-content\/uploads\/2025\/03\/IMG_6493-300x200.jpg 300w, https:\/\/rw-moisling.de\/wp-content\/uploads\/2025\/03\/IMG_6493-1024x683.jpg 1024w, https:\/\/rw-moisling.de\/wp-content\/uploads\/2025\/03\/IMG_6493-768x512.jpg 768w, https:\/\/rw-moisling.de\/wp-content\/uploads\/2025\/03\/IMG_6493-1536x1024.jpg 1536w, https:\/\/rw-moisling.de\/wp-content\/uploads\/2025\/03\/IMG_6493-2048x1365.jpg 2048w\" sizes=\"auto, (max-width: 300px) 100vw, 300px\" \/><\/div><a class=\"wp-block-latest-posts__post-title\" href=\"https:\/\/rw-moisling.de\/index.php\/2025\/03\/16\/landesmeisterschaft-elite-2025\/\">Landesmeisterschaft Elite 2025<\/a><time datetime=\"2025-03-16T18:56:54+01:00\" class=\"wp-block-latest-posts__post-date\">16. M\u00e4rz 2025<\/time><div class=\"wp-block-latest-posts__post-excerpt\">Heute fand bei uns in Moisling die Landesmeisterschaft der Junior:innen und Elite statt. Aus Moisling waren dabei die Vierer- und Sechser-Elite-Mannschaften mit am Start. Trotz wenig Training fuhren die Mannschaften sehr ruhig und gleichm\u00e4\u00dfig und&hellip;<\/div><\/li>\n<li><div class=\"wp-block-latest-posts__featured-image alignleft\"><img loading=\"lazy\" decoding=\"async\" width=\"300\" height=\"300\" src=\"https:\/\/rw-moisling.de\/wp-content\/uploads\/2025\/03\/BZM-2-300x300.jpg\" class=\"attachment-medium size-medium wp-post-image\" alt=\"\" style=\"\" srcset=\"https:\/\/rw-moisling.de\/wp-content\/uploads\/2025\/03\/BZM-2-300x300.jpg 300w, https:\/\/rw-moisling.de\/wp-content\/uploads\/2025\/03\/BZM-2-1024x1024.jpg 1024w, https:\/\/rw-moisling.de\/wp-content\/uploads\/2025\/03\/BZM-2-150x150.jpg 150w, https:\/\/rw-moisling.de\/wp-content\/uploads\/2025\/03\/BZM-2-768x768.jpg 768w, https:\/\/rw-moisling.de\/wp-content\/uploads\/2025\/03\/BZM-2-1536x1536.jpg 1536w, https:\/\/rw-moisling.de\/wp-content\/uploads\/2025\/03\/BZM-2-2048x2048.jpg 2048w\" sizes=\"auto, (max-width: 300px) 100vw, 300px\" \/><\/div><a class=\"wp-block-latest-posts__post-title\" href=\"https:\/\/rw-moisling.de\/index.php\/2025\/03\/05\/bezirksmeisterschaft-2025\/\">Bezirksmeisterschaft 2025<\/a><time datetime=\"2025-03-05T19:39:36+01:00\" class=\"wp-block-latest-posts__post-date\">5. M\u00e4rz 2025<\/time><div class=\"wp-block-latest-posts__post-excerpt\">Zum ersten Mal in der Geschichte des Hallenradsports in Rot-Wei\u00df Moisling fand dieses Jahr eine Bezirksmeisterschaft statt. Leider waren die Startzahlen aufgrund der Winter-Krankheitswelle etwas dezimiert. Trotzdem konnten die Starterinnen neue Bestleistungen ausfahren und zeigten&hellip;<\/div><\/li>\n<li><div class=\"wp-block-latest-posts__featured-image alignleft\"><img loading=\"lazy\" decoding=\"async\" width=\"248\" height=\"300\" src=\"https:\/\/rw-moisling.de\/wp-content\/uploads\/2025\/02\/Bildschirmfoto-vom-2025-02-26-21-53-29-248x300.png\" class=\"attachment-medium size-medium wp-post-image\" alt=\"\" style=\"\" srcset=\"https:\/\/rw-moisling.de\/wp-content\/uploads\/2025\/02\/Bildschirmfoto-vom-2025-02-26-21-53-29-248x300.png 248w, https:\/\/rw-moisling.de\/wp-content\/uploads\/2025\/02\/Bildschirmfoto-vom-2025-02-26-21-53-29-848x1024.png 848w, https:\/\/rw-moisling.de\/wp-content\/uploads\/2025\/02\/Bildschirmfoto-vom-2025-02-26-21-53-29-768x927.png 768w, https:\/\/rw-moisling.de\/wp-content\/uploads\/2025\/02\/Bildschirmfoto-vom-2025-02-26-21-53-29.png 936w\" sizes=\"auto, (max-width: 248px) 100vw, 248px\" \/><\/div><a class=\"wp-block-latest-posts__post-title\" href=\"https:\/\/rw-moisling.de\/index.php\/2025\/02\/26\/warum\/\">Warum???<\/a><time datetime=\"2025-02-26T22:18:06+01:00\" class=\"wp-block-latest-posts__post-date\">26. Februar 2025<\/time><div class=\"wp-block-latest-posts__post-excerpt\">Am 09. Februar 2025 verstarb unser langj\u00e4hriges Mitglied und Trainer Professor Dr. Lars Draack pl\u00f6tzlich und unerwartet. Mit \u00fcber 30 Jahren Karateerfahrung hat er die Karateabteilung von Rot-Wei\u00df Moisling nachhaltig gepr\u00e4gt. Auf seine lockere und&hellip;<\/div><\/li>\n<li><div class=\"wp-block-latest-posts__featured-image alignleft\"><img loading=\"lazy\" decoding=\"async\" width=\"300\" height=\"171\" src=\"https:\/\/rw-moisling.de\/wp-content\/uploads\/2025\/02\/Bildschirmfoto-2025-02-20-um-09.48.22-300x171.png\" class=\"attachment-medium size-medium wp-post-image\" alt=\"\" style=\"\" srcset=\"https:\/\/rw-moisling.de\/wp-content\/uploads\/2025\/02\/Bildschirmfoto-2025-02-20-um-09.48.22-300x171.png 300w, https:\/\/rw-moisling.de\/wp-content\/uploads\/2025\/02\/Bildschirmfoto-2025-02-20-um-09.48.22-1024x583.png 1024w, https:\/\/rw-moisling.de\/wp-content\/uploads\/2025\/02\/Bildschirmfoto-2025-02-20-um-09.48.22-768x438.png 768w, https:\/\/rw-moisling.de\/wp-content\/uploads\/2025\/02\/Bildschirmfoto-2025-02-20-um-09.48.22-1536x875.png 1536w, https:\/\/rw-moisling.de\/wp-content\/uploads\/2025\/02\/Bildschirmfoto-2025-02-20-um-09.48.22.png 1815w\" sizes=\"auto, (max-width: 300px) 100vw, 300px\" \/><\/div><a class=\"wp-block-latest-posts__post-title\" href=\"https:\/\/rw-moisling.de\/index.php\/2025\/02\/20\/jahreshauptversammlung-2025\/\">Jahreshauptversammlung 2025<\/a><time datetime=\"2025-02-20T09:33:02+01:00\" class=\"wp-block-latest-posts__post-date\">20. Februar 2025<\/time><div class=\"wp-block-latest-posts__post-excerpt\">Liebe Mitglieder der Spielvereinigung Rot-Wei\u00df Moisling von 1911 e.V., hiermit m\u00f6chten wir Euch zur diesj\u00e4hrigen Jahreshauptversammlung einladen. Die JHV 2025 findet am Dienstag, den 25.03.2025 ab 19 Uhr im Vereinsheim Br\u00fcder-Grimm-Ring 4b statt. Wir freuen&hellip;<\/div><\/li>\n<li><div class=\"wp-block-latest-posts__featured-image alignleft\"><img loading=\"lazy\" decoding=\"async\" width=\"201\" height=\"300\" src=\"https:\/\/rw-moisling.de\/wp-content\/uploads\/2025\/01\/Vico-201x300.jpg\" class=\"attachment-medium size-medium wp-post-image\" alt=\"\" style=\"\" srcset=\"https:\/\/rw-moisling.de\/wp-content\/uploads\/2025\/01\/Vico-201x300.jpg 201w, https:\/\/rw-moisling.de\/wp-content\/uploads\/2025\/01\/Vico-686x1024.jpg 686w, https:\/\/rw-moisling.de\/wp-content\/uploads\/2025\/01\/Vico-768x1146.jpg 768w, https:\/\/rw-moisling.de\/wp-content\/uploads\/2025\/01\/Vico-1029x1536.jpg 1029w, https:\/\/rw-moisling.de\/wp-content\/uploads\/2025\/01\/Vico.jpg 1072w\" sizes=\"auto, (max-width: 201px) 100vw, 201px\" \/><\/div><a class=\"wp-block-latest-posts__post-title\" href=\"https:\/\/rw-moisling.de\/index.php\/2025\/01\/12\/erfolgreiche-dan-pruefung\/\">Erfolgreiche  DAN-Pr\u00fcfung<\/a><time datetime=\"2025-01-12T16:45:10+01:00\" class=\"wp-block-latest-posts__post-date\">12. Januar 2025<\/time><div class=\"wp-block-latest-posts__post-excerpt\">Eine lange und intensive Vorbereitungszeit liegt hinter unserem Trainer Vico von Pentz. Das komplette Jahr 2024 stand die anstehende DAN-Pr\u00fcfung von Vico im Vordergrund beim Training. Mit Lehrg\u00e4ngen bildete Vico sich fort. Am 15. Dezember&hellip;<\/div><\/li>\n<li><div class=\"wp-block-latest-posts__featured-image alignleft\"><img loading=\"lazy\" decoding=\"async\" width=\"225\" height=\"300\" src=\"https:\/\/rw-moisling.de\/wp-content\/uploads\/2024\/12\/pizza-triple-225x300.jpeg\" class=\"attachment-medium size-medium wp-post-image\" alt=\"\" style=\"\" srcset=\"https:\/\/rw-moisling.de\/wp-content\/uploads\/2024\/12\/pizza-triple-225x300.jpeg 225w, https:\/\/rw-moisling.de\/wp-content\/uploads\/2024\/12\/pizza-triple-768x1024.jpeg 768w, https:\/\/rw-moisling.de\/wp-content\/uploads\/2024\/12\/pizza-triple-1152x1536.jpeg 1152w, https:\/\/rw-moisling.de\/wp-content\/uploads\/2024\/12\/pizza-triple.jpeg 1536w\" sizes=\"auto, (max-width: 225px) 100vw, 225px\" \/><\/div><a class=\"wp-block-latest-posts__post-title\" href=\"https:\/\/rw-moisling.de\/index.php\/2024\/12\/05\/karateka-erreichte-triple-sieg-beim-adventsturnier-in-eckernfoerde\/\">Karateka erreichte Triple-Sieg beim Adventsturnier in Eckernf\u00f6rde:<\/a><time datetime=\"2024-12-05T21:40:15+01:00\" class=\"wp-block-latest-posts__post-date\">5. Dezember 2024<\/time><div class=\"wp-block-latest-posts__post-excerpt\">Nach Abschluss der Meldefrist waren 198 Starterinnen und Starter gemeldet, unterteilt in die Altersklassen U 8, U 10, U 12 und U14, m\u00e4nnlich\/ weiblich getrennt. Das Kinder von der Karatesparte von RW Moisling dabei waren,&hellip;<\/div><\/li>\n<li><div class=\"wp-block-latest-posts__featured-image alignleft\"><img loading=\"lazy\" decoding=\"async\" width=\"300\" height=\"200\" src=\"https:\/\/rw-moisling.de\/wp-content\/uploads\/2024\/02\/IMG_7631-300x200.jpg\" class=\"attachment-medium size-medium wp-post-image\" alt=\"\" style=\"\" srcset=\"https:\/\/rw-moisling.de\/wp-content\/uploads\/2024\/02\/IMG_7631-300x200.jpg 300w, https:\/\/rw-moisling.de\/wp-content\/uploads\/2024\/02\/IMG_7631-1024x683.jpg 1024w, https:\/\/rw-moisling.de\/wp-content\/uploads\/2024\/02\/IMG_7631-768x512.jpg 768w, https:\/\/rw-moisling.de\/wp-content\/uploads\/2024\/02\/IMG_7631-1536x1024.jpg 1536w, https:\/\/rw-moisling.de\/wp-content\/uploads\/2024\/02\/IMG_7631-2048x1365.jpg 2048w\" sizes=\"auto, (max-width: 300px) 100vw, 300px\" \/><\/div><a class=\"wp-block-latest-posts__post-title\" href=\"https:\/\/rw-moisling.de\/index.php\/2024\/11\/25\/termine-hallenradsport-2025\/\">Termine Hallenradsport 2025<\/a><time datetime=\"2024-11-25T11:16:33+01:00\" class=\"wp-block-latest-posts__post-date\">25. November 2024<\/time><div class=\"wp-block-latest-posts__post-excerpt\">Eine \u00dcbersicht der Termine f\u00fcr die Moislinger Hallenradsportler:innen. Bei den Turnieren sind auch Zuschauer:innen jederzeit gerne gesehen, der Eintritt ist nat\u00fcrlich frei! F\u00fcr das leibliche Wohl wird gesorgt. \u00a0 Mit Foto von Udo Hintz.<\/div><\/li>\n<li><div class=\"wp-block-latest-posts__featured-image alignleft\"><img loading=\"lazy\" decoding=\"async\" width=\"300\" height=\"300\" src=\"https:\/\/rw-moisling.de\/wp-content\/uploads\/2024\/10\/img1-300x300.jpg\" class=\"attachment-medium size-medium wp-post-image\" alt=\"\" style=\"\" srcset=\"https:\/\/rw-moisling.de\/wp-content\/uploads\/2024\/10\/img1-300x300.jpg 300w, https:\/\/rw-moisling.de\/wp-content\/uploads\/2024\/10\/img1-1024x1024.jpg 1024w, https:\/\/rw-moisling.de\/wp-content\/uploads\/2024\/10\/img1-150x150.jpg 150w, https:\/\/rw-moisling.de\/wp-content\/uploads\/2024\/10\/img1-768x768.jpg 768w, https:\/\/rw-moisling.de\/wp-content\/uploads\/2024\/10\/img1-1536x1536.jpg 1536w, https:\/\/rw-moisling.de\/wp-content\/uploads\/2024\/10\/img1.jpg 2048w\" sizes=\"auto, (max-width: 300px) 100vw, 300px\" \/><\/div><a class=\"wp-block-latest-posts__post-title\" href=\"https:\/\/rw-moisling.de\/index.php\/2024\/10\/27\/rkb-bundespokal-2024\/\">RKB Bundespokal 2024<\/a><time datetime=\"2024-10-27T16:55:12+01:00\" class=\"wp-block-latest-posts__post-date\">27. Oktober 2024<\/time><div class=\"wp-block-latest-posts__post-excerpt\">Am 19. und 20. Oktober fand in Delligsen der RKB Bundespokal 2024 statt. Mit dabei waren f\u00fcr Rot-Wei\u00df Moisling Sarah und Layan mit Unterst\u00fctzung von Trainerin Swantje. Beide konnten ein sehr erfolgreiches Deb\u00fct auf nationaler&hellip;<\/div><\/li>\n<li><div class=\"wp-block-latest-posts__featured-image alignleft\"><img loading=\"lazy\" decoding=\"async\" width=\"300\" height=\"225\" src=\"https:\/\/rw-moisling.de\/wp-content\/uploads\/2024\/09\/img1-300x225.jpg\" class=\"attachment-medium size-medium wp-post-image\" alt=\"\" style=\"\" srcset=\"https:\/\/rw-moisling.de\/wp-content\/uploads\/2024\/09\/img1-300x225.jpg 300w, https:\/\/rw-moisling.de\/wp-content\/uploads\/2024\/09\/img1-768x576.jpg 768w, https:\/\/rw-moisling.de\/wp-content\/uploads\/2024\/09\/img1.jpg 800w\" sizes=\"auto, (max-width: 300px) 100vw, 300px\" \/><\/div><a class=\"wp-block-latest-posts__post-title\" href=\"https:\/\/rw-moisling.de\/index.php\/2024\/09\/21\/bundespokal-2024\/\">Bundespokal 2024<\/a><time datetime=\"2024-09-21T19:57:20+02:00\" class=\"wp-block-latest-posts__post-date\">21. September 2024<\/time><div class=\"wp-block-latest-posts__post-excerpt\">Am 31.08.2024 fand in Neuenkirchen (Schwanewede) der Bundespokal im Einradfahren statt. Rot-Wei\u00df Moisling war mit 3 Elite-Einradmannschaften dabei. Im Vierer belegte die zweite Mannschaft mit 81,38 Punkten den 21. Platz und die erste Mannschaft kam&hellip;<\/div><\/li>\n<li><a class=\"wp-block-latest-posts__post-title\" href=\"https:\/\/rw-moisling.de\/index.php\/2024\/08\/08\/erfolgreiche-kyu-pruefungen-zum-start-in-die-sommerpause\/\">Erfolgreiche Kyu-Pr\u00fcfungen zum Start in die Sommerpause<\/a><time datetime=\"2024-08-08T15:16:53+02:00\" class=\"wp-block-latest-posts__post-date\">8. August 2024<\/time><div class=\"wp-block-latest-posts__post-excerpt\">Bevor es in die Sommerpause ging, standen noch sechs Kids zur Kyu-Pr\u00fcfung an.\u00a0 Den Anfang haben Andrei und Miguel gemacht. Beide konnten ihr Pr\u00fcfungsprogramm zum 6. Kyu (Gr\u00fcngurt) fast auswendig und f\u00fchrten gekonnt ihr \u00dcbungen&hellip;<\/div><\/li>\n<li><div class=\"wp-block-latest-posts__featured-image alignleft\"><img loading=\"lazy\" decoding=\"async\" width=\"300\" height=\"300\" src=\"https:\/\/rw-moisling.de\/wp-content\/uploads\/2024\/07\/InFrame_1721559505041-300x300.jpg\" class=\"attachment-medium size-medium wp-post-image\" alt=\"\" style=\"\" srcset=\"https:\/\/rw-moisling.de\/wp-content\/uploads\/2024\/07\/InFrame_1721559505041-300x300.jpg 300w, https:\/\/rw-moisling.de\/wp-content\/uploads\/2024\/07\/InFrame_1721559505041-1024x1024.jpg 1024w, https:\/\/rw-moisling.de\/wp-content\/uploads\/2024\/07\/InFrame_1721559505041-150x150.jpg 150w, https:\/\/rw-moisling.de\/wp-content\/uploads\/2024\/07\/InFrame_1721559505041-768x768.jpg 768w, https:\/\/rw-moisling.de\/wp-content\/uploads\/2024\/07\/InFrame_1721559505041-1536x1536.jpg 1536w, https:\/\/rw-moisling.de\/wp-content\/uploads\/2024\/07\/InFrame_1721559505041.jpg 2048w\" sizes=\"auto, (max-width: 300px) 100vw, 300px\" \/><\/div><a class=\"wp-block-latest-posts__post-title\" href=\"https:\/\/rw-moisling.de\/index.php\/2024\/07\/21\/laendervergleichswettkampf-2024\/\">L\u00e4ndervergleichswettkampf 2024<\/a><time datetime=\"2024-07-21T13:25:07+02:00\" class=\"wp-block-latest-posts__post-date\">21. Juli 2024<\/time><div class=\"wp-block-latest-posts__post-excerpt\">Der L\u00e4ndervergleichswettkampf zwischen Hamburg, Mecklenburg-Vorpommern und Schleswig-Holstein im Kunstradfahren fand dieses Jahr &#8211; zum 100-j\u00e4hrigen Jubil\u00e4um des Heikendorfer SV &#8211; au\u00dferplanm\u00e4\u00dfig in Heikendorf\/Schleswig-Holstein statt. In der Gesamtwertung platzierten sich die Moislinger:innen gemeinsam mit den Heikendorfer:innen&hellip;<\/div><\/li>\n<\/ul><\/div>\r\n<\/div>\r\n<\/div>\r\n<\/div>\r\n","protected":false},"excerpt":{"rendered":"","protected":false},"author":15,"featured_media":0,"parent":0,"menu_order":0,"comment_status":"closed","ping_status":"closed","template":"","meta":{"footnotes":""},"class_list":["post-2538","page","type-page","status-publish","hentry"],"yoast_head":"<!-- This site is optimized with the Yoast SEO plugin v27.4 - https:\/\/yoast.com\/product\/yoast-seo-wordpress\/ -->\n<title>Willkommen - Rot-Wei\u00df Moisling<\/title>\n<meta name=\"robots\" content=\"index, follow, max-snippet:-1, max-image-preview:large, max-video-preview:-1\" \/>\n<link rel=\"canonical\" href=\"https:\/\/rw-moisling.de\/\" \/>\n<meta property=\"og:locale\" content=\"de_DE\" \/>\n<meta property=\"og:type\" content=\"article\" \/>\n<meta property=\"og:title\" content=\"Willkommen - Rot-Wei\u00df Moisling\" \/>\n<meta property=\"og:url\" content=\"https:\/\/rw-moisling.de\/\" \/>\n<meta property=\"og:site_name\" content=\"Rot-Wei\u00df Moisling\" \/>\n<meta property=\"article:modified_time\" content=\"2026-02-19T20:31:30+00:00\" \/>\n<meta name=\"twitter:card\" content=\"summary_large_image\" \/>\n<script type=\"application\/ld+json\" class=\"yoast-schema-graph\">{\"@context\":\"https:\\\/\\\/schema.org\",\"@graph\":[{\"@type\":\"WebPage\",\"@id\":\"https:\\\/\\\/rw-moisling.de\\\/\",\"url\":\"https:\\\/\\\/rw-moisling.de\\\/\",\"name\":\"Willkommen - Rot-Wei\u00df Moisling\",\"isPartOf\":{\"@id\":\"https:\\\/\\\/rw-moisling.de\\\/#website\"},\"datePublished\":\"2020-08-22T20:19:55+00:00\",\"dateModified\":\"2026-02-19T20:31:30+00:00\",\"breadcrumb\":{\"@id\":\"https:\\\/\\\/rw-moisling.de\\\/#breadcrumb\"},\"inLanguage\":\"de\",\"potentialAction\":[{\"@type\":\"ReadAction\",\"target\":[\"https:\\\/\\\/rw-moisling.de\\\/\"]}]},{\"@type\":\"BreadcrumbList\",\"@id\":\"https:\\\/\\\/rw-moisling.de\\\/#breadcrumb\",\"itemListElement\":[{\"@type\":\"ListItem\",\"position\":1,\"name\":\"Startseite\",\"item\":\"https:\\\/\\\/rw-moisling.de\\\/\"},{\"@type\":\"ListItem\",\"position\":2,\"name\":\"Willkommen\"}]},{\"@type\":\"WebSite\",\"@id\":\"https:\\\/\\\/rw-moisling.de\\\/#website\",\"url\":\"https:\\\/\\\/rw-moisling.de\\\/\",\"name\":\"Rot-Wei\u00df Moisling von 1911 e.V.\",\"description\":\"\",\"potentialAction\":[{\"@type\":\"SearchAction\",\"target\":{\"@type\":\"EntryPoint\",\"urlTemplate\":\"https:\\\/\\\/rw-moisling.de\\\/?s={search_term_string}\"},\"query-input\":{\"@type\":\"PropertyValueSpecification\",\"valueRequired\":true,\"valueName\":\"search_term_string\"}}],\"inLanguage\":\"de\"}]}<\/script>\n<!-- \/ Yoast SEO plugin. -->","yoast_head_json":{"title":"Willkommen - Rot-Wei\u00df Moisling","robots":{"index":"index","follow":"follow","max-snippet":"max-snippet:-1","max-image-preview":"max-image-preview:large","max-video-preview":"max-video-preview:-1"},"canonical":"https:\/\/rw-moisling.de\/","og_locale":"de_DE","og_type":"article","og_title":"Willkommen - Rot-Wei\u00df Moisling","og_url":"https:\/\/rw-moisling.de\/","og_site_name":"Rot-Wei\u00df Moisling","article_modified_time":"2026-02-19T20:31:30+00:00","twitter_card":"summary_large_image","schema":{"@context":"https:\/\/schema.org","@graph":[{"@type":"WebPage","@id":"https:\/\/rw-moisling.de\/","url":"https:\/\/rw-moisling.de\/","name":"Willkommen - Rot-Wei\u00df Moisling","isPartOf":{"@id":"https:\/\/rw-moisling.de\/#website"},"datePublished":"2020-08-22T20:19:55+00:00","dateModified":"2026-02-19T20:31:30+00:00","breadcrumb":{"@id":"https:\/\/rw-moisling.de\/#breadcrumb"},"inLanguage":"de","potentialAction":[{"@type":"ReadAction","target":["https:\/\/rw-moisling.de\/"]}]},{"@type":"BreadcrumbList","@id":"https:\/\/rw-moisling.de\/#breadcrumb","itemListElement":[{"@type":"ListItem","position":1,"name":"Startseite","item":"https:\/\/rw-moisling.de\/"},{"@type":"ListItem","position":2,"name":"Willkommen"}]},{"@type":"WebSite","@id":"https:\/\/rw-moisling.de\/#website","url":"https:\/\/rw-moisling.de\/","name":"Rot-Wei\u00df Moisling von 1911 e.V.","description":"","potentialAction":[{"@type":"SearchAction","target":{"@type":"EntryPoint","urlTemplate":"https:\/\/rw-moisling.de\/?s={search_term_string}"},"query-input":{"@type":"PropertyValueSpecification","valueRequired":true,"valueName":"search_term_string"}}],"inLanguage":"de"}]}},"_links":{"self":[{"href":"https:\/\/rw-moisling.de\/index.php\/wp-json\/wp\/v2\/pages\/2538","targetHints":{"allow":["GET"]}}],"collection":[{"href":"https:\/\/rw-moisling.de\/index.php\/wp-json\/wp\/v2\/pages"}],"about":[{"href":"https:\/\/rw-moisling.de\/index.php\/wp-json\/wp\/v2\/types\/page"}],"author":[{"embeddable":true,"href":"https:\/\/rw-moisling.de\/index.php\/wp-json\/wp\/v2\/users\/15"}],"replies":[{"embeddable":true,"href":"https:\/\/rw-moisling.de\/index.php\/wp-json\/wp\/v2\/comments?post=2538"}],"version-history":[{"count":19,"href":"https:\/\/rw-moisling.de\/index.php\/wp-json\/wp\/v2\/pages\/2538\/revisions"}],"predecessor-version":[{"id":4270,"href":"https:\/\/rw-moisling.de\/index.php\/wp-json\/wp\/v2\/pages\/2538\/revisions\/4270"}],"wp:attachment":[{"href":"https:\/\/rw-moisling.de\/index.php\/wp-json\/wp\/v2\/media?parent=2538"}],"curies":[{"name":"wp","href":"https:\/\/api.w.org\/{rel}","templated":true}]}}