{"id":182,"date":"2017-05-23T17:57:10","date_gmt":"2017-05-23T15:57:10","guid":{"rendered":"http:\/\/rw-moisling.de\/?page_id=182"},"modified":"2025-07-10T10:11:14","modified_gmt":"2025-07-10T08:11:14","slug":"2-f-jugend","status":"publish","type":"page","link":"https:\/\/rw-moisling.de\/index.php\/sparten\/fussball\/2-f-jugend\/","title":{"rendered":"1. F- Jugend"},"content":{"rendered":"\r\n<p>Unsere F-Jugend nimmt an den Kinderspieltagen des Kreis Fu\u00dfball Verbandes L\u00fcbeck teil.<\/p>\r\n<p>Ausserdem bietet unsere F-Jugend f\u00fcr Freundschaftsspiele klassisch eine 5(7)er Mannschaft an. \u00a0\u00a0\u00a0\u00a0\u00a0\u00a0\u00a0\u00a0\u00a0\u00a0\u00a0\u00a0\u00a0\u00a0<\/p>\r\n<p><strong>\u00a0<\/strong><strong>Die Trainer<br \/><\/strong>Andre Habeck<br \/>Mobil: 0173 892 28 15 <br \/>E-Mail: addy82@web.de<strong><br \/><\/strong><\/p>\r\n<p><strong>Co.<br \/><\/strong>Lars Olschewski<br \/>Mobil +49 151 506 378 18<br \/>E-Mail: larso665@gmail.com<\/p>\r\n\r\n\r\n\r\n<p><strong>Trainingszeiten:<\/strong><\/p>\r\n<p>Montag und Mittwoch von 16:30 bis 18.30 Uhr<\/p>\r\n\r\n\r\n\r\n<p>&nbsp;<\/p>\r\n","protected":false},"excerpt":{"rendered":"<p>Unsere F-Jugend nimmt an den Kinderspieltagen des Kreis Fu\u00dfball Verbandes L\u00fcbeck teil. Ausserdem bietet unsere F-Jugend f\u00fcr Freundschaftsspiele klassisch eine 5(7)er Mannschaft an. \u00a0\u00a0\u00a0\u00a0\u00a0\u00a0\u00a0\u00a0\u00a0\u00a0\u00a0\u00a0\u00a0\u00a0 \u00a0Die TrainerAndre HabeckMobil: 0173 892 28 15 E-Mail: addy82@web.de Co.Lars OlschewskiMobil&hellip;<\/p>\n","protected":false},"author":1,"featured_media":0,"parent":127,"menu_order":0,"comment_status":"closed","ping_status":"closed","template":"","meta":{"footnotes":""},"class_list":["post-182","page","type-page","status-publish","hentry"],"yoast_head":"<!-- This site is optimized with the Yoast SEO plugin v27.3 - https:\/\/yoast.com\/product\/yoast-seo-wordpress\/ -->\n<title>1. F- Jugend - Rot-Wei\u00df Moisling<\/title>\n<meta name=\"robots\" content=\"index, follow, max-snippet:-1, max-image-preview:large, max-video-preview:-1\" \/>\n<link rel=\"canonical\" href=\"https:\/\/rw-moisling.de\/index.php\/sparten\/fussball\/2-f-jugend\/\" \/>\n<meta property=\"og:locale\" content=\"de_DE\" \/>\n<meta property=\"og:type\" content=\"article\" \/>\n<meta property=\"og:title\" content=\"1. F- Jugend - Rot-Wei\u00df Moisling\" \/>\n<meta property=\"og:description\" content=\"Unsere F-Jugend nimmt an den Kinderspieltagen des Kreis Fu\u00dfball Verbandes L\u00fcbeck teil. Ausserdem bietet unsere F-Jugend f\u00fcr Freundschaftsspiele klassisch eine 5(7)er Mannschaft an. \u00a0\u00a0\u00a0\u00a0\u00a0\u00a0\u00a0\u00a0\u00a0\u00a0\u00a0\u00a0\u00a0\u00a0 \u00a0Die TrainerAndre HabeckMobil: 0173 892 28 15 E-Mail: addy82@web.de Co.Lars OlschewskiMobil&hellip;\" \/>\n<meta property=\"og:url\" content=\"https:\/\/rw-moisling.de\/index.php\/sparten\/fussball\/2-f-jugend\/\" \/>\n<meta property=\"og:site_name\" content=\"Rot-Wei\u00df Moisling\" \/>\n<meta property=\"article:modified_time\" content=\"2025-07-10T08:11:14+00:00\" \/>\n<meta name=\"twitter:card\" content=\"summary_large_image\" \/>\n<meta name=\"twitter:label1\" content=\"Gesch\u00e4tzte Lesezeit\" \/>\n\t<meta name=\"twitter:data1\" content=\"1\u00a0Minute\" \/>\n<script type=\"application\/ld+json\" class=\"yoast-schema-graph\">{\"@context\":\"https:\\\/\\\/schema.org\",\"@graph\":[{\"@type\":\"WebPage\",\"@id\":\"https:\\\/\\\/rw-moisling.de\\\/index.php\\\/sparten\\\/fussball\\\/2-f-jugend\\\/\",\"url\":\"https:\\\/\\\/rw-moisling.de\\\/index.php\\\/sparten\\\/fussball\\\/2-f-jugend\\\/\",\"name\":\"1. F- Jugend - Rot-Wei\u00df Moisling\",\"isPartOf\":{\"@id\":\"https:\\\/\\\/rw-moisling.de\\\/#website\"},\"datePublished\":\"2017-05-23T15:57:10+00:00\",\"dateModified\":\"2025-07-10T08:11:14+00:00\",\"breadcrumb\":{\"@id\":\"https:\\\/\\\/rw-moisling.de\\\/index.php\\\/sparten\\\/fussball\\\/2-f-jugend\\\/#breadcrumb\"},\"inLanguage\":\"de\",\"potentialAction\":[{\"@type\":\"ReadAction\",\"target\":[\"https:\\\/\\\/rw-moisling.de\\\/index.php\\\/sparten\\\/fussball\\\/2-f-jugend\\\/\"]}]},{\"@type\":\"BreadcrumbList\",\"@id\":\"https:\\\/\\\/rw-moisling.de\\\/index.php\\\/sparten\\\/fussball\\\/2-f-jugend\\\/#breadcrumb\",\"itemListElement\":[{\"@type\":\"ListItem\",\"position\":1,\"name\":\"Startseite\",\"item\":\"https:\\\/\\\/rw-moisling.de\\\/\"},{\"@type\":\"ListItem\",\"position\":2,\"name\":\"Sparten\",\"item\":\"https:\\\/\\\/rw-moisling.de\\\/index.php\\\/sparten\\\/\"},{\"@type\":\"ListItem\",\"position\":3,\"name\":\"Fu\u00dfball\",\"item\":\"https:\\\/\\\/rw-moisling.de\\\/index.php\\\/sparten\\\/fussball\\\/\"},{\"@type\":\"ListItem\",\"position\":4,\"name\":\"1. F- Jugend\"}]},{\"@type\":\"WebSite\",\"@id\":\"https:\\\/\\\/rw-moisling.de\\\/#website\",\"url\":\"https:\\\/\\\/rw-moisling.de\\\/\",\"name\":\"Rot-Wei\u00df Moisling von 1911 e.V.\",\"description\":\"\",\"potentialAction\":[{\"@type\":\"SearchAction\",\"target\":{\"@type\":\"EntryPoint\",\"urlTemplate\":\"https:\\\/\\\/rw-moisling.de\\\/?s={search_term_string}\"},\"query-input\":{\"@type\":\"PropertyValueSpecification\",\"valueRequired\":true,\"valueName\":\"search_term_string\"}}],\"inLanguage\":\"de\"}]}<\/script>\n<!-- \/ Yoast SEO plugin. -->","yoast_head_json":{"title":"1. F- Jugend - Rot-Wei\u00df Moisling","robots":{"index":"index","follow":"follow","max-snippet":"max-snippet:-1","max-image-preview":"max-image-preview:large","max-video-preview":"max-video-preview:-1"},"canonical":"https:\/\/rw-moisling.de\/index.php\/sparten\/fussball\/2-f-jugend\/","og_locale":"de_DE","og_type":"article","og_title":"1. F- Jugend - Rot-Wei\u00df Moisling","og_description":"Unsere F-Jugend nimmt an den Kinderspieltagen des Kreis Fu\u00dfball Verbandes L\u00fcbeck teil. Ausserdem bietet unsere F-Jugend f\u00fcr Freundschaftsspiele klassisch eine 5(7)er Mannschaft an. \u00a0\u00a0\u00a0\u00a0\u00a0\u00a0\u00a0\u00a0\u00a0\u00a0\u00a0\u00a0\u00a0\u00a0 \u00a0Die TrainerAndre HabeckMobil: 0173 892 28 15 E-Mail: addy82@web.de Co.Lars OlschewskiMobil&hellip;","og_url":"https:\/\/rw-moisling.de\/index.php\/sparten\/fussball\/2-f-jugend\/","og_site_name":"Rot-Wei\u00df Moisling","article_modified_time":"2025-07-10T08:11:14+00:00","twitter_card":"summary_large_image","twitter_misc":{"Gesch\u00e4tzte Lesezeit":"1\u00a0Minute"},"schema":{"@context":"https:\/\/schema.org","@graph":[{"@type":"WebPage","@id":"https:\/\/rw-moisling.de\/index.php\/sparten\/fussball\/2-f-jugend\/","url":"https:\/\/rw-moisling.de\/index.php\/sparten\/fussball\/2-f-jugend\/","name":"1. F- Jugend - Rot-Wei\u00df Moisling","isPartOf":{"@id":"https:\/\/rw-moisling.de\/#website"},"datePublished":"2017-05-23T15:57:10+00:00","dateModified":"2025-07-10T08:11:14+00:00","breadcrumb":{"@id":"https:\/\/rw-moisling.de\/index.php\/sparten\/fussball\/2-f-jugend\/#breadcrumb"},"inLanguage":"de","potentialAction":[{"@type":"ReadAction","target":["https:\/\/rw-moisling.de\/index.php\/sparten\/fussball\/2-f-jugend\/"]}]},{"@type":"BreadcrumbList","@id":"https:\/\/rw-moisling.de\/index.php\/sparten\/fussball\/2-f-jugend\/#breadcrumb","itemListElement":[{"@type":"ListItem","position":1,"name":"Startseite","item":"https:\/\/rw-moisling.de\/"},{"@type":"ListItem","position":2,"name":"Sparten","item":"https:\/\/rw-moisling.de\/index.php\/sparten\/"},{"@type":"ListItem","position":3,"name":"Fu\u00dfball","item":"https:\/\/rw-moisling.de\/index.php\/sparten\/fussball\/"},{"@type":"ListItem","position":4,"name":"1. F- Jugend"}]},{"@type":"WebSite","@id":"https:\/\/rw-moisling.de\/#website","url":"https:\/\/rw-moisling.de\/","name":"Rot-Wei\u00df Moisling von 1911 e.V.","description":"","potentialAction":[{"@type":"SearchAction","target":{"@type":"EntryPoint","urlTemplate":"https:\/\/rw-moisling.de\/?s={search_term_string}"},"query-input":{"@type":"PropertyValueSpecification","valueRequired":true,"valueName":"search_term_string"}}],"inLanguage":"de"}]}},"_links":{"self":[{"href":"https:\/\/rw-moisling.de\/index.php\/wp-json\/wp\/v2\/pages\/182","targetHints":{"allow":["GET"]}}],"collection":[{"href":"https:\/\/rw-moisling.de\/index.php\/wp-json\/wp\/v2\/pages"}],"about":[{"href":"https:\/\/rw-moisling.de\/index.php\/wp-json\/wp\/v2\/types\/page"}],"author":[{"embeddable":true,"href":"https:\/\/rw-moisling.de\/index.php\/wp-json\/wp\/v2\/users\/1"}],"replies":[{"embeddable":true,"href":"https:\/\/rw-moisling.de\/index.php\/wp-json\/wp\/v2\/comments?post=182"}],"version-history":[{"count":13,"href":"https:\/\/rw-moisling.de\/index.php\/wp-json\/wp\/v2\/pages\/182\/revisions"}],"predecessor-version":[{"id":4162,"href":"https:\/\/rw-moisling.de\/index.php\/wp-json\/wp\/v2\/pages\/182\/revisions\/4162"}],"up":[{"embeddable":true,"href":"https:\/\/rw-moisling.de\/index.php\/wp-json\/wp\/v2\/pages\/127"}],"wp:attachment":[{"href":"https:\/\/rw-moisling.de\/index.php\/wp-json\/wp\/v2\/media?parent=182"}],"curies":[{"name":"wp","href":"https:\/\/api.w.org\/{rel}","templated":true}]}}