{"id":1333,"date":"2018-09-28T18:46:30","date_gmt":"2018-09-28T16:46:30","guid":{"rendered":"https:\/\/rw-moisling.de\/?page_id=1333"},"modified":"2023-09-18T10:31:48","modified_gmt":"2023-09-18T08:31:48","slug":"foerderverein-fussballfreunde","status":"publish","type":"page","link":"https:\/\/rw-moisling.de\/index.php\/sparten\/fussball\/foerderverein-fussballfreunde\/","title":{"rendered":"F\u00f6rderverein Fu\u00dfballfreunde"},"content":{"rendered":"<h2 style=\"text-align: center;\"><span style=\"color: #ff0000;\"><strong>Der F\u00f6rderverein Fu\u00dfballfreunde Rot-Weiss Moisling e.V<\/strong><\/span>.<\/h2>\n<p>wurde 1997 mit dem Ziel gegr\u00fcndet, Kinder und Jugendliche, aber auch Erwachsene f\u00fcr den Fu\u00dfballsport zu begeistern. Insbesondere Kinder und Jugendliche unterst\u00fctzen wir, in der Spielvereinigung Rot-Weiss Moisling Sport zu treiben.<\/p>\n<p>Was leisten wir?<\/p>\n<p>Wir wollen junge Menschen f\u00fcr den Sport zu begeistern<\/p>\n<p>Wir unterst\u00fctzen insbesondere die Jugendlichen bei der Aus\u00fcbung ihres Sports finanziell<\/p>\n<p>Wir helfen bei Schulproblemen und bei der Arbeitsplatzsuche<\/p>\n<p>Wir helfen bei der Beschaffung von Sportausr\u00fcstungen<\/p>\n<p>Wir erm\u00f6glichen die Teilnahme an gemeinsamen Sportveranstaltungen, z.B. Trainingslager, Freizeiten usw.<\/p>\n<p style=\"text-align: center;\"><strong>Helfen Sie und mit Ihrem Beitag unsere Arbeit erfolgreich zu gestalten.<\/strong><\/p>\n<p style=\"text-align: center;\">Werden Sie Mitglied in unserem F\u00f6rderverein<\/p>\n<p style=\"text-align: center;\">oder unterst\u00fctzen Sie uns mit Ihrer Spende.<\/p>\n<h3 style=\"text-align: center;\">einen Aufnahmeantrag finden Sie <span style=\"color: #000000;\"><span style=\"color: #ff0000;\"><span style=\"color: #000000;\">unter dem Men\u00fcpunkt Beitrittserkl\u00e4rung.<\/span><\/span><\/span><\/h3>\n<p>Sie k\u00f6nnen das Formular online ausf\u00fcllen und uns per E-mail zusenden an hhmett@rot-weissmoisling.de<\/p>\n<p>Wir sind ein als gemeinn\u00fctzig anerkannter Verein. Ihre Spende wird steuerrechtlich anerkannt.<\/p>\n<p>Unsere Bankdaten:<\/p>\n<p>Sparkasse zu L\u00fcbeck<\/p>\n<p>IBAN\u00a0\u00a0\u00a0\u00a0\u00a0\u00a0\u00a0\u00a0\u00a0\u00a0\u00a0\u00a0\u00a0\u00a0\u00a0\u00a0\u00a0\u00a0\u00a0\u00a0\u00a0\u00a0\u00a0\u00a0\u00a0\u00a0\u00a0\u00a0\u00a0\u00a0\u00a0\u00a0\u00a0\u00a0\u00a0\u00a0\u00a0\u00a0\u00a0\u00a0\u00a0\u00a0\u00a0\u00a0\u00a0\u00a0\u00a0\u00a0\u00a0\u00a0\u00a0\u00a0\u00a0 DE78230501010017752528<\/p>\n<p>BIC\u00a0\u00a0\u00a0\u00a0\u00a0\u00a0\u00a0\u00a0\u00a0\u00a0\u00a0\u00a0\u00a0\u00a0\u00a0\u00a0\u00a0\u00a0\u00a0\u00a0\u00a0\u00a0\u00a0\u00a0\u00a0\u00a0\u00a0\u00a0\u00a0\u00a0\u00a0\u00a0\u00a0\u00a0\u00a0\u00a0\u00a0\u00a0\u00a0\u00a0\u00a0\u00a0\u00a0\u00a0\u00a0\u00a0\u00a0\u00a0\u00a0\u00a0\u00a0\u00a0\u00a0\u00a0\u00a0 NOLADE21SPL<\/p>\n<p>F\u00f6rderverein Fu\u00dfballfreunde Rot-Weiss Moisling<\/p>\n<p>Br\u00fcder-Grimm-Ring 4b<\/p>\n<p>23560 L\u00fcbeck<\/p>\n<p>Ansprechpartner:<\/p>\n<p>Hans-Heinrich Mett<\/p>\n<p>Mobil: 0151-41823386<\/p>\n<p>hhmett@t-online.de<\/p>\n","protected":false},"excerpt":{"rendered":"<p>Der F\u00f6rderverein Fu\u00dfballfreunde Rot-Weiss Moisling e.V. wurde 1997 mit dem Ziel gegr\u00fcndet, Kinder und Jugendliche, aber auch Erwachsene f\u00fcr den Fu\u00dfballsport zu begeistern. Insbesondere Kinder und Jugendliche unterst\u00fctzen wir, in der Spielvereinigung Rot-Weiss Moisling Sport&hellip;<\/p>\n","protected":false},"author":5,"featured_media":0,"parent":127,"menu_order":0,"comment_status":"closed","ping_status":"closed","template":"","meta":{"footnotes":""},"class_list":["post-1333","page","type-page","status-publish","hentry"],"yoast_head":"<!-- This site is optimized with the Yoast SEO plugin v27.6 - https:\/\/yoast.com\/product\/yoast-seo-wordpress\/ -->\n<title>F\u00f6rderverein Fu\u00dfballfreunde - Rot-Wei\u00df Moisling<\/title>\n<meta name=\"robots\" content=\"index, follow, max-snippet:-1, max-image-preview:large, max-video-preview:-1\" \/>\n<link rel=\"canonical\" href=\"https:\/\/rw-moisling.de\/index.php\/sparten\/fussball\/foerderverein-fussballfreunde\/\" \/>\n<meta property=\"og:locale\" content=\"de_DE\" \/>\n<meta property=\"og:type\" content=\"article\" \/>\n<meta property=\"og:title\" content=\"F\u00f6rderverein Fu\u00dfballfreunde - Rot-Wei\u00df Moisling\" \/>\n<meta property=\"og:description\" content=\"Der F\u00f6rderverein Fu\u00dfballfreunde Rot-Weiss Moisling e.V. wurde 1997 mit dem Ziel gegr\u00fcndet, Kinder und Jugendliche, aber auch Erwachsene f\u00fcr den Fu\u00dfballsport zu begeistern. Insbesondere Kinder und Jugendliche unterst\u00fctzen wir, in der Spielvereinigung Rot-Weiss Moisling Sport&hellip;\" \/>\n<meta property=\"og:url\" content=\"https:\/\/rw-moisling.de\/index.php\/sparten\/fussball\/foerderverein-fussballfreunde\/\" \/>\n<meta property=\"og:site_name\" content=\"Rot-Wei\u00df Moisling\" \/>\n<meta property=\"article:modified_time\" content=\"2023-09-18T08:31:48+00:00\" \/>\n<meta name=\"twitter:card\" content=\"summary_large_image\" \/>\n<meta name=\"twitter:label1\" content=\"Gesch\u00e4tzte Lesezeit\" \/>\n\t<meta name=\"twitter:data1\" content=\"1\u00a0Minute\" \/>\n<script type=\"application\/ld+json\" class=\"yoast-schema-graph\">{\"@context\":\"https:\\\/\\\/schema.org\",\"@graph\":[{\"@type\":\"WebPage\",\"@id\":\"https:\\\/\\\/rw-moisling.de\\\/index.php\\\/sparten\\\/fussball\\\/foerderverein-fussballfreunde\\\/\",\"url\":\"https:\\\/\\\/rw-moisling.de\\\/index.php\\\/sparten\\\/fussball\\\/foerderverein-fussballfreunde\\\/\",\"name\":\"F\u00f6rderverein Fu\u00dfballfreunde - Rot-Wei\u00df Moisling\",\"isPartOf\":{\"@id\":\"https:\\\/\\\/rw-moisling.de\\\/#website\"},\"datePublished\":\"2018-09-28T16:46:30+00:00\",\"dateModified\":\"2023-09-18T08:31:48+00:00\",\"breadcrumb\":{\"@id\":\"https:\\\/\\\/rw-moisling.de\\\/index.php\\\/sparten\\\/fussball\\\/foerderverein-fussballfreunde\\\/#breadcrumb\"},\"inLanguage\":\"de\",\"potentialAction\":[{\"@type\":\"ReadAction\",\"target\":[\"https:\\\/\\\/rw-moisling.de\\\/index.php\\\/sparten\\\/fussball\\\/foerderverein-fussballfreunde\\\/\"]}]},{\"@type\":\"BreadcrumbList\",\"@id\":\"https:\\\/\\\/rw-moisling.de\\\/index.php\\\/sparten\\\/fussball\\\/foerderverein-fussballfreunde\\\/#breadcrumb\",\"itemListElement\":[{\"@type\":\"ListItem\",\"position\":1,\"name\":\"Startseite\",\"item\":\"https:\\\/\\\/rw-moisling.de\\\/\"},{\"@type\":\"ListItem\",\"position\":2,\"name\":\"Sparten\",\"item\":\"https:\\\/\\\/rw-moisling.de\\\/index.php\\\/sparten\\\/\"},{\"@type\":\"ListItem\",\"position\":3,\"name\":\"Fu\u00dfball\",\"item\":\"https:\\\/\\\/rw-moisling.de\\\/index.php\\\/sparten\\\/fussball\\\/\"},{\"@type\":\"ListItem\",\"position\":4,\"name\":\"F\u00f6rderverein Fu\u00dfballfreunde\"}]},{\"@type\":\"WebSite\",\"@id\":\"https:\\\/\\\/rw-moisling.de\\\/#website\",\"url\":\"https:\\\/\\\/rw-moisling.de\\\/\",\"name\":\"Rot-Wei\u00df Moisling von 1911 e.V.\",\"description\":\"\",\"potentialAction\":[{\"@type\":\"SearchAction\",\"target\":{\"@type\":\"EntryPoint\",\"urlTemplate\":\"https:\\\/\\\/rw-moisling.de\\\/?s={search_term_string}\"},\"query-input\":{\"@type\":\"PropertyValueSpecification\",\"valueRequired\":true,\"valueName\":\"search_term_string\"}}],\"inLanguage\":\"de\"}]}<\/script>\n<!-- \/ Yoast SEO plugin. -->","yoast_head_json":{"title":"F\u00f6rderverein Fu\u00dfballfreunde - Rot-Wei\u00df Moisling","robots":{"index":"index","follow":"follow","max-snippet":"max-snippet:-1","max-image-preview":"max-image-preview:large","max-video-preview":"max-video-preview:-1"},"canonical":"https:\/\/rw-moisling.de\/index.php\/sparten\/fussball\/foerderverein-fussballfreunde\/","og_locale":"de_DE","og_type":"article","og_title":"F\u00f6rderverein Fu\u00dfballfreunde - Rot-Wei\u00df Moisling","og_description":"Der F\u00f6rderverein Fu\u00dfballfreunde Rot-Weiss Moisling e.V. wurde 1997 mit dem Ziel gegr\u00fcndet, Kinder und Jugendliche, aber auch Erwachsene f\u00fcr den Fu\u00dfballsport zu begeistern. Insbesondere Kinder und Jugendliche unterst\u00fctzen wir, in der Spielvereinigung Rot-Weiss Moisling Sport&hellip;","og_url":"https:\/\/rw-moisling.de\/index.php\/sparten\/fussball\/foerderverein-fussballfreunde\/","og_site_name":"Rot-Wei\u00df Moisling","article_modified_time":"2023-09-18T08:31:48+00:00","twitter_card":"summary_large_image","twitter_misc":{"Gesch\u00e4tzte Lesezeit":"1\u00a0Minute"},"schema":{"@context":"https:\/\/schema.org","@graph":[{"@type":"WebPage","@id":"https:\/\/rw-moisling.de\/index.php\/sparten\/fussball\/foerderverein-fussballfreunde\/","url":"https:\/\/rw-moisling.de\/index.php\/sparten\/fussball\/foerderverein-fussballfreunde\/","name":"F\u00f6rderverein Fu\u00dfballfreunde - Rot-Wei\u00df Moisling","isPartOf":{"@id":"https:\/\/rw-moisling.de\/#website"},"datePublished":"2018-09-28T16:46:30+00:00","dateModified":"2023-09-18T08:31:48+00:00","breadcrumb":{"@id":"https:\/\/rw-moisling.de\/index.php\/sparten\/fussball\/foerderverein-fussballfreunde\/#breadcrumb"},"inLanguage":"de","potentialAction":[{"@type":"ReadAction","target":["https:\/\/rw-moisling.de\/index.php\/sparten\/fussball\/foerderverein-fussballfreunde\/"]}]},{"@type":"BreadcrumbList","@id":"https:\/\/rw-moisling.de\/index.php\/sparten\/fussball\/foerderverein-fussballfreunde\/#breadcrumb","itemListElement":[{"@type":"ListItem","position":1,"name":"Startseite","item":"https:\/\/rw-moisling.de\/"},{"@type":"ListItem","position":2,"name":"Sparten","item":"https:\/\/rw-moisling.de\/index.php\/sparten\/"},{"@type":"ListItem","position":3,"name":"Fu\u00dfball","item":"https:\/\/rw-moisling.de\/index.php\/sparten\/fussball\/"},{"@type":"ListItem","position":4,"name":"F\u00f6rderverein Fu\u00dfballfreunde"}]},{"@type":"WebSite","@id":"https:\/\/rw-moisling.de\/#website","url":"https:\/\/rw-moisling.de\/","name":"Rot-Wei\u00df Moisling von 1911 e.V.","description":"","potentialAction":[{"@type":"SearchAction","target":{"@type":"EntryPoint","urlTemplate":"https:\/\/rw-moisling.de\/?s={search_term_string}"},"query-input":{"@type":"PropertyValueSpecification","valueRequired":true,"valueName":"search_term_string"}}],"inLanguage":"de"}]}},"_links":{"self":[{"href":"https:\/\/rw-moisling.de\/index.php\/wp-json\/wp\/v2\/pages\/1333","targetHints":{"allow":["GET"]}}],"collection":[{"href":"https:\/\/rw-moisling.de\/index.php\/wp-json\/wp\/v2\/pages"}],"about":[{"href":"https:\/\/rw-moisling.de\/index.php\/wp-json\/wp\/v2\/types\/page"}],"author":[{"embeddable":true,"href":"https:\/\/rw-moisling.de\/index.php\/wp-json\/wp\/v2\/users\/5"}],"replies":[{"embeddable":true,"href":"https:\/\/rw-moisling.de\/index.php\/wp-json\/wp\/v2\/comments?post=1333"}],"version-history":[{"count":10,"href":"https:\/\/rw-moisling.de\/index.php\/wp-json\/wp\/v2\/pages\/1333\/revisions"}],"predecessor-version":[{"id":3510,"href":"https:\/\/rw-moisling.de\/index.php\/wp-json\/wp\/v2\/pages\/1333\/revisions\/3510"}],"up":[{"embeddable":true,"href":"https:\/\/rw-moisling.de\/index.php\/wp-json\/wp\/v2\/pages\/127"}],"wp:attachment":[{"href":"https:\/\/rw-moisling.de\/index.php\/wp-json\/wp\/v2\/media?parent=1333"}],"curies":[{"name":"wp","href":"https:\/\/api.w.org\/{rel}","templated":true}]}}