{"id":127,"date":"2025-07-10T09:45:14","date_gmt":"2025-07-10T07:45:14","guid":{"rendered":"http:\/\/rw-moisling.de\/?page_id=127"},"modified":"2026-03-09T14:03:17","modified_gmt":"2026-03-09T13:03:17","slug":"fussball","status":"publish","type":"page","link":"https:\/\/rw-moisling.de\/index.php\/sparten\/fussball\/","title":{"rendered":"Fu\u00dfball"},"content":{"rendered":"<p>Mitgliedsantrag der Fu\u00dfballabteilung: <a href=\"https:\/\/rw-moisling.de\/wp-content\/uploads\/2022\/06\/Aufnahme-und-SHFV.pdf\" target=\"_blank\" rel=\"noopener\">Formular herunterladen (PDF)<\/a><\/p>\r\n<p>&nbsp;<\/p>\r\n<p><strong>Gesch\u00e4ftstelle<br \/><\/strong>Die Gesch\u00e4ftsstelle ist jeden 2. und 4. Montag eines Monats von 18.00 Uhr bis 20.00 Uhr erreichbar:<br \/>Fon: 0451 802240<\/p>\r\n<p><strong>Abteilungsleiter<\/strong><br \/>Thorsten Gr\u00f6schke<br \/>Mobil: +4915777180401<br \/>E-Mail: fussball@rw-moisling.de\u00a0<br \/>Priv.: t.groeschke@gmx.de<\/p>\r\n<p><strong>Kassenwartin<\/strong><br \/>&#8211; Aktuell unbesetzt &#8211;\u00a0<\/p>\r\n<p><strong>Ligaobmann<\/strong><br \/>&#8211; Aktuell unbesetzt &#8211;\u00a0<\/p>\r\n<p><strong>Schriftwart<\/strong><br \/>Hans-Heinrich Mett<br \/>Mobil: 0151 4182 3386<br \/>Email: hh.mett@rw-moisling.de<\/p>\r\n<p><strong>Schiedsrichterobmann<\/strong><br \/>Dennis Wittosek<br \/>Mobil: 0157 31354054\u202c<\/p>\r\n<p><strong>Passwart<br \/><\/strong>Norbert Sternberg<br \/>Mobil: 0160 976 30748<br \/>E-Mail: n.sternberg@rw-moisling.de<\/p>\r\n<p><strong>Jugendkoordinatorin<br \/><\/strong>Valesca Gr\u00f6schke<br \/>Mobil: +4915735390493<br \/>E-Mail: v.groeschke@gmx.de<\/p>\r\n<p>&nbsp;<\/p>\r\n","protected":false},"excerpt":{"rendered":"<p>Mitgliedsantrag der Fu\u00dfballabteilung: Formular herunterladen (PDF) &nbsp; Gesch\u00e4ftstelleDie Gesch\u00e4ftsstelle ist jeden 2. und 4. Montag eines Monats von 18.00 Uhr bis 20.00 Uhr erreichbar:Fon: 0451 802240 AbteilungsleiterThorsten Gr\u00f6schkeMobil: +4915777180401E-Mail: fussball@rw-moisling.de\u00a0Priv.: t.groeschke@gmx.de Kassenwartin&#8211; Aktuell unbesetzt &#8211;\u00a0&hellip;<\/p>\n","protected":false},"author":1,"featured_media":0,"parent":102,"menu_order":0,"comment_status":"closed","ping_status":"closed","template":"","meta":{"footnotes":""},"class_list":["post-127","page","type-page","status-publish","hentry"],"yoast_head":"<!-- This site is optimized with the Yoast SEO plugin v27.4 - https:\/\/yoast.com\/product\/yoast-seo-wordpress\/ -->\n<title>Fu\u00dfball - Rot-Wei\u00df Moisling<\/title>\n<meta name=\"robots\" content=\"index, follow, max-snippet:-1, max-image-preview:large, max-video-preview:-1\" \/>\n<link rel=\"canonical\" href=\"https:\/\/rw-moisling.de\/index.php\/sparten\/fussball\/\" \/>\n<meta property=\"og:locale\" content=\"de_DE\" \/>\n<meta property=\"og:type\" content=\"article\" \/>\n<meta property=\"og:title\" content=\"Fu\u00dfball - Rot-Wei\u00df Moisling\" \/>\n<meta property=\"og:description\" content=\"Mitgliedsantrag der Fu\u00dfballabteilung: Formular herunterladen (PDF) &nbsp; Gesch\u00e4ftstelleDie Gesch\u00e4ftsstelle ist jeden 2. und 4. Montag eines Monats von 18.00 Uhr bis 20.00 Uhr erreichbar:Fon: 0451 802240 AbteilungsleiterThorsten Gr\u00f6schkeMobil: +4915777180401E-Mail: fussball@rw-moisling.de\u00a0Priv.: t.groeschke@gmx.de Kassenwartin&#8211; Aktuell unbesetzt &#8211;\u00a0&hellip;\" \/>\n<meta property=\"og:url\" content=\"https:\/\/rw-moisling.de\/index.php\/sparten\/fussball\/\" \/>\n<meta property=\"og:site_name\" content=\"Rot-Wei\u00df Moisling\" \/>\n<meta property=\"article:modified_time\" content=\"2026-03-09T13:03:17+00:00\" \/>\n<meta name=\"twitter:card\" content=\"summary_large_image\" \/>\n<meta name=\"twitter:label1\" content=\"Gesch\u00e4tzte Lesezeit\" \/>\n\t<meta name=\"twitter:data1\" content=\"1\u00a0Minute\" \/>\n<script type=\"application\/ld+json\" class=\"yoast-schema-graph\">{\"@context\":\"https:\\\/\\\/schema.org\",\"@graph\":[{\"@type\":\"WebPage\",\"@id\":\"https:\\\/\\\/rw-moisling.de\\\/index.php\\\/sparten\\\/fussball\\\/\",\"url\":\"https:\\\/\\\/rw-moisling.de\\\/index.php\\\/sparten\\\/fussball\\\/\",\"name\":\"Fu\u00dfball - Rot-Wei\u00df Moisling\",\"isPartOf\":{\"@id\":\"https:\\\/\\\/rw-moisling.de\\\/#website\"},\"datePublished\":\"2025-07-10T07:45:14+00:00\",\"dateModified\":\"2026-03-09T13:03:17+00:00\",\"breadcrumb\":{\"@id\":\"https:\\\/\\\/rw-moisling.de\\\/index.php\\\/sparten\\\/fussball\\\/#breadcrumb\"},\"inLanguage\":\"de\",\"potentialAction\":[{\"@type\":\"ReadAction\",\"target\":[\"https:\\\/\\\/rw-moisling.de\\\/index.php\\\/sparten\\\/fussball\\\/\"]}]},{\"@type\":\"BreadcrumbList\",\"@id\":\"https:\\\/\\\/rw-moisling.de\\\/index.php\\\/sparten\\\/fussball\\\/#breadcrumb\",\"itemListElement\":[{\"@type\":\"ListItem\",\"position\":1,\"name\":\"Startseite\",\"item\":\"https:\\\/\\\/rw-moisling.de\\\/\"},{\"@type\":\"ListItem\",\"position\":2,\"name\":\"Sparten\",\"item\":\"https:\\\/\\\/rw-moisling.de\\\/index.php\\\/sparten\\\/\"},{\"@type\":\"ListItem\",\"position\":3,\"name\":\"Fu\u00dfball\"}]},{\"@type\":\"WebSite\",\"@id\":\"https:\\\/\\\/rw-moisling.de\\\/#website\",\"url\":\"https:\\\/\\\/rw-moisling.de\\\/\",\"name\":\"Rot-Wei\u00df Moisling von 1911 e.V.\",\"description\":\"\",\"potentialAction\":[{\"@type\":\"SearchAction\",\"target\":{\"@type\":\"EntryPoint\",\"urlTemplate\":\"https:\\\/\\\/rw-moisling.de\\\/?s={search_term_string}\"},\"query-input\":{\"@type\":\"PropertyValueSpecification\",\"valueRequired\":true,\"valueName\":\"search_term_string\"}}],\"inLanguage\":\"de\"}]}<\/script>\n<!-- \/ Yoast SEO plugin. -->","yoast_head_json":{"title":"Fu\u00dfball - Rot-Wei\u00df Moisling","robots":{"index":"index","follow":"follow","max-snippet":"max-snippet:-1","max-image-preview":"max-image-preview:large","max-video-preview":"max-video-preview:-1"},"canonical":"https:\/\/rw-moisling.de\/index.php\/sparten\/fussball\/","og_locale":"de_DE","og_type":"article","og_title":"Fu\u00dfball - Rot-Wei\u00df Moisling","og_description":"Mitgliedsantrag der Fu\u00dfballabteilung: Formular herunterladen (PDF) &nbsp; Gesch\u00e4ftstelleDie Gesch\u00e4ftsstelle ist jeden 2. und 4. Montag eines Monats von 18.00 Uhr bis 20.00 Uhr erreichbar:Fon: 0451 802240 AbteilungsleiterThorsten Gr\u00f6schkeMobil: +4915777180401E-Mail: fussball@rw-moisling.de\u00a0Priv.: t.groeschke@gmx.de Kassenwartin&#8211; Aktuell unbesetzt &#8211;\u00a0&hellip;","og_url":"https:\/\/rw-moisling.de\/index.php\/sparten\/fussball\/","og_site_name":"Rot-Wei\u00df Moisling","article_modified_time":"2026-03-09T13:03:17+00:00","twitter_card":"summary_large_image","twitter_misc":{"Gesch\u00e4tzte Lesezeit":"1\u00a0Minute"},"schema":{"@context":"https:\/\/schema.org","@graph":[{"@type":"WebPage","@id":"https:\/\/rw-moisling.de\/index.php\/sparten\/fussball\/","url":"https:\/\/rw-moisling.de\/index.php\/sparten\/fussball\/","name":"Fu\u00dfball - Rot-Wei\u00df Moisling","isPartOf":{"@id":"https:\/\/rw-moisling.de\/#website"},"datePublished":"2025-07-10T07:45:14+00:00","dateModified":"2026-03-09T13:03:17+00:00","breadcrumb":{"@id":"https:\/\/rw-moisling.de\/index.php\/sparten\/fussball\/#breadcrumb"},"inLanguage":"de","potentialAction":[{"@type":"ReadAction","target":["https:\/\/rw-moisling.de\/index.php\/sparten\/fussball\/"]}]},{"@type":"BreadcrumbList","@id":"https:\/\/rw-moisling.de\/index.php\/sparten\/fussball\/#breadcrumb","itemListElement":[{"@type":"ListItem","position":1,"name":"Startseite","item":"https:\/\/rw-moisling.de\/"},{"@type":"ListItem","position":2,"name":"Sparten","item":"https:\/\/rw-moisling.de\/index.php\/sparten\/"},{"@type":"ListItem","position":3,"name":"Fu\u00dfball"}]},{"@type":"WebSite","@id":"https:\/\/rw-moisling.de\/#website","url":"https:\/\/rw-moisling.de\/","name":"Rot-Wei\u00df Moisling von 1911 e.V.","description":"","potentialAction":[{"@type":"SearchAction","target":{"@type":"EntryPoint","urlTemplate":"https:\/\/rw-moisling.de\/?s={search_term_string}"},"query-input":{"@type":"PropertyValueSpecification","valueRequired":true,"valueName":"search_term_string"}}],"inLanguage":"de"}]}},"_links":{"self":[{"href":"https:\/\/rw-moisling.de\/index.php\/wp-json\/wp\/v2\/pages\/127","targetHints":{"allow":["GET"]}}],"collection":[{"href":"https:\/\/rw-moisling.de\/index.php\/wp-json\/wp\/v2\/pages"}],"about":[{"href":"https:\/\/rw-moisling.de\/index.php\/wp-json\/wp\/v2\/types\/page"}],"author":[{"embeddable":true,"href":"https:\/\/rw-moisling.de\/index.php\/wp-json\/wp\/v2\/users\/1"}],"replies":[{"embeddable":true,"href":"https:\/\/rw-moisling.de\/index.php\/wp-json\/wp\/v2\/comments?post=127"}],"version-history":[{"count":34,"href":"https:\/\/rw-moisling.de\/index.php\/wp-json\/wp\/v2\/pages\/127\/revisions"}],"predecessor-version":[{"id":4295,"href":"https:\/\/rw-moisling.de\/index.php\/wp-json\/wp\/v2\/pages\/127\/revisions\/4295"}],"up":[{"embeddable":true,"href":"https:\/\/rw-moisling.de\/index.php\/wp-json\/wp\/v2\/pages\/102"}],"wp:attachment":[{"href":"https:\/\/rw-moisling.de\/index.php\/wp-json\/wp\/v2\/media?parent=127"}],"curies":[{"name":"wp","href":"https:\/\/api.w.org\/{rel}","templated":true}]}}