{"id":1190,"date":"2018-07-02T10:09:22","date_gmt":"2018-07-02T08:09:22","guid":{"rendered":"https:\/\/rw-moisling.de\/?page_id=1190"},"modified":"2026-03-09T15:00:18","modified_gmt":"2026-03-09T14:00:18","slug":"sponsoren","status":"publish","type":"page","link":"https:\/\/rw-moisling.de\/index.php\/sparten\/fussball\/sponsoren\/","title":{"rendered":"Sponsoren"},"content":{"rendered":"<h3>Wir bedanken uns bei folgenden Sponsoren f\u00fcr die zuverl\u00e4ssige Unterst\u00fctzung<\/h3>\n<p>&nbsp;<\/p>\n<h3><img loading=\"lazy\" decoding=\"async\" class=\"alignnone size-full wp-image-1336\" src=\"https:\/\/rw-moisling.de\/wp-content\/uploads\/2018\/09\/Possehl.jpg\" alt=\"\" width=\"260\" height=\"166\" \/>\u00a0 \u00a0 \u00a0 \u00a0 \u00a0 \u00a0 \u00a0 \u00a0 \u00a0 \u00a0 \u00a0 \u00a0 \u00a0 \u00a0 \u00a0 \u00a0 \u00a0 \u00a0 \u00a0 \u00a0 \u00a0 \u00a0<a href=\"https:\/\/banking.spk-luebeck.de\/portal\/portal\/StartenIPSTANDARD?IID=23050101&amp;AID=IPSTANDARD\"><img loading=\"lazy\" decoding=\"async\" class=\"alignnone wp-image-1196 size-full\" src=\"https:\/\/rw-moisling.de\/wp-content\/uploads\/2018\/07\/spk_logo.gif\" alt=\"\" width=\"208\" height=\"85\" \/>\u00a0\u00a0\u00a0\u00a0\u00a0\u00a0\u00a0\u00a0\u00a0\u00a0\u00a0\u00a0\u00a0\u00a0\u00a0\u00a0\u00a0\u00a0\u00a0\u00a0\u00a0\u00a0\u00a0\u00a0\u00a0\u00a0\u00a0\u00a0\u00a0<\/a><\/h3>\n<h3><\/h3>\n<p>&nbsp;<\/p>\n<p>&nbsp;<\/p>\n<p><img loading=\"lazy\" decoding=\"async\" class=\"alignnone size-full wp-image-1340\" src=\"https:\/\/rw-moisling.de\/wp-content\/uploads\/2018\/09\/Unbenannt.jpg\" alt=\"\" width=\"249\" height=\"86\" \/>\u00a0 \u00a0 \u00a0 \u00a0 \u00a0 \u00a0 \u00a0 \u00a0 \u00a0 \u00a0 \u00a0 \u00a0 \u00a0 \u00a0 \u00a0 \u00a0 \u00a0 \u00a0 \u00a0\u00a0<img loading=\"lazy\" decoding=\"async\" class=\"alignnone size-medium wp-image-1338\" style=\"color: #222222; font-family: Arial, Helvetica, sans-serif; font-size: 14px;\" src=\"https:\/\/rw-moisling.de\/wp-content\/uploads\/2018\/09\/Gr\u00fctt-und-Heger-300x89.jpg\" alt=\"\" width=\"300\" height=\"89\" srcset=\"https:\/\/rw-moisling.de\/wp-content\/uploads\/2018\/09\/Gr\u00fctt-und-Heger-300x90.jpg 300w, https:\/\/rw-moisling.de\/wp-content\/uploads\/2018\/09\/Gr\u00fctt-und-Heger.jpg 302w\" sizes=\"auto, (max-width: 300px) 100vw, 300px\" \/><\/p>\n<p>&nbsp;<\/p>\n<p><a href=\"https:\/\/rw-moisling.de\/wp-content\/uploads\/2026\/02\/Physio-Power.png\">\u00a0 \u00a0 \u00a0 \u00a0 <img loading=\"lazy\" decoding=\"async\" class=\"alignleft wp-image-4287\" src=\"https:\/\/rw-moisling.de\/wp-content\/uploads\/2026\/02\/Physio-Power-219x300.png\" alt=\"\" width=\"164\" height=\"224\" srcset=\"https:\/\/rw-moisling.de\/wp-content\/uploads\/2026\/02\/Physio-Power-219x300.png 219w, https:\/\/rw-moisling.de\/wp-content\/uploads\/2026\/02\/Physio-Power-748x1024.png 748w, https:\/\/rw-moisling.de\/wp-content\/uploads\/2026\/02\/Physio-Power-768x1052.png 768w, https:\/\/rw-moisling.de\/wp-content\/uploads\/2026\/02\/Physio-Power.png 999w\" sizes=\"auto, (max-width: 164px) 100vw, 164px\" \/><\/a> <img loading=\"lazy\" decoding=\"async\" class=\"wp-image-4296 alignnone\" src=\"https:\/\/rw-moisling.de\/wp-content\/uploads\/2026\/03\/TRAVE-logo_Kopie-264x300.png\" alt=\"\" width=\"211\" height=\"240\" srcset=\"https:\/\/rw-moisling.de\/wp-content\/uploads\/2026\/03\/TRAVE-logo_Kopie-264x300.png 264w, https:\/\/rw-moisling.de\/wp-content\/uploads\/2026\/03\/TRAVE-logo_Kopie.png 738w\" sizes=\"auto, (max-width: 211px) 100vw, 211px\" \/><\/p>\n","protected":false},"excerpt":{"rendered":"<p>Wir bedanken uns bei folgenden Sponsoren f\u00fcr die zuverl\u00e4ssige Unterst\u00fctzung &nbsp; \u00a0 \u00a0 \u00a0 \u00a0 \u00a0 \u00a0 \u00a0 \u00a0 \u00a0 \u00a0 \u00a0 \u00a0 \u00a0 \u00a0 \u00a0 \u00a0 \u00a0 \u00a0 \u00a0 \u00a0 \u00a0 \u00a0\u00a0\u00a0\u00a0\u00a0\u00a0\u00a0\u00a0\u00a0\u00a0\u00a0\u00a0\u00a0\u00a0\u00a0\u00a0\u00a0\u00a0\u00a0\u00a0\u00a0\u00a0\u00a0\u00a0\u00a0\u00a0\u00a0\u00a0\u00a0\u00a0 &nbsp; &nbsp;&hellip;<\/p>\n","protected":false},"author":1,"featured_media":0,"parent":127,"menu_order":0,"comment_status":"closed","ping_status":"closed","template":"","meta":{"footnotes":""},"class_list":["post-1190","page","type-page","status-publish","hentry"],"yoast_head":"<!-- This site is optimized with the Yoast SEO plugin v27.5 - https:\/\/yoast.com\/product\/yoast-seo-wordpress\/ -->\n<title>Sponsoren - Rot-Wei\u00df Moisling<\/title>\n<meta name=\"robots\" content=\"index, follow, max-snippet:-1, max-image-preview:large, max-video-preview:-1\" \/>\n<link rel=\"canonical\" href=\"https:\/\/rw-moisling.de\/index.php\/sparten\/fussball\/sponsoren\/\" \/>\n<meta property=\"og:locale\" content=\"de_DE\" \/>\n<meta property=\"og:type\" content=\"article\" \/>\n<meta property=\"og:title\" content=\"Sponsoren - Rot-Wei\u00df Moisling\" \/>\n<meta property=\"og:description\" content=\"Wir bedanken uns bei folgenden Sponsoren f\u00fcr die zuverl\u00e4ssige Unterst\u00fctzung &nbsp; \u00a0 \u00a0 \u00a0 \u00a0 \u00a0 \u00a0 \u00a0 \u00a0 \u00a0 \u00a0 \u00a0 \u00a0 \u00a0 \u00a0 \u00a0 \u00a0 \u00a0 \u00a0 \u00a0 \u00a0 \u00a0 \u00a0\u00a0\u00a0\u00a0\u00a0\u00a0\u00a0\u00a0\u00a0\u00a0\u00a0\u00a0\u00a0\u00a0\u00a0\u00a0\u00a0\u00a0\u00a0\u00a0\u00a0\u00a0\u00a0\u00a0\u00a0\u00a0\u00a0\u00a0\u00a0\u00a0 &nbsp; &nbsp;&hellip;\" \/>\n<meta property=\"og:url\" content=\"https:\/\/rw-moisling.de\/index.php\/sparten\/fussball\/sponsoren\/\" \/>\n<meta property=\"og:site_name\" content=\"Rot-Wei\u00df Moisling\" \/>\n<meta property=\"article:modified_time\" content=\"2026-03-09T14:00:18+00:00\" \/>\n<meta property=\"og:image\" content=\"https:\/\/rw-moisling.de\/wp-content\/uploads\/2018\/09\/Possehl.jpg\" \/>\n\t<meta property=\"og:image:width\" content=\"260\" \/>\n\t<meta property=\"og:image:height\" content=\"166\" \/>\n\t<meta property=\"og:image:type\" content=\"image\/jpeg\" \/>\n<meta name=\"twitter:card\" content=\"summary_large_image\" \/>\n<meta name=\"twitter:label1\" content=\"Gesch\u00e4tzte Lesezeit\" \/>\n\t<meta name=\"twitter:data1\" content=\"2\u00a0Minuten\" \/>\n<script type=\"application\/ld+json\" class=\"yoast-schema-graph\">{\"@context\":\"https:\\\/\\\/schema.org\",\"@graph\":[{\"@type\":\"WebPage\",\"@id\":\"https:\\\/\\\/rw-moisling.de\\\/index.php\\\/sparten\\\/fussball\\\/sponsoren\\\/\",\"url\":\"https:\\\/\\\/rw-moisling.de\\\/index.php\\\/sparten\\\/fussball\\\/sponsoren\\\/\",\"name\":\"Sponsoren - Rot-Wei\u00df Moisling\",\"isPartOf\":{\"@id\":\"https:\\\/\\\/rw-moisling.de\\\/#website\"},\"primaryImageOfPage\":{\"@id\":\"https:\\\/\\\/rw-moisling.de\\\/index.php\\\/sparten\\\/fussball\\\/sponsoren\\\/#primaryimage\"},\"image\":{\"@id\":\"https:\\\/\\\/rw-moisling.de\\\/index.php\\\/sparten\\\/fussball\\\/sponsoren\\\/#primaryimage\"},\"thumbnailUrl\":\"https:\\\/\\\/rw-moisling.de\\\/wp-content\\\/uploads\\\/2018\\\/09\\\/Possehl.jpg\",\"datePublished\":\"2018-07-02T08:09:22+00:00\",\"dateModified\":\"2026-03-09T14:00:18+00:00\",\"breadcrumb\":{\"@id\":\"https:\\\/\\\/rw-moisling.de\\\/index.php\\\/sparten\\\/fussball\\\/sponsoren\\\/#breadcrumb\"},\"inLanguage\":\"de\",\"potentialAction\":[{\"@type\":\"ReadAction\",\"target\":[\"https:\\\/\\\/rw-moisling.de\\\/index.php\\\/sparten\\\/fussball\\\/sponsoren\\\/\"]}]},{\"@type\":\"ImageObject\",\"inLanguage\":\"de\",\"@id\":\"https:\\\/\\\/rw-moisling.de\\\/index.php\\\/sparten\\\/fussball\\\/sponsoren\\\/#primaryimage\",\"url\":\"https:\\\/\\\/rw-moisling.de\\\/wp-content\\\/uploads\\\/2018\\\/09\\\/Possehl.jpg\",\"contentUrl\":\"https:\\\/\\\/rw-moisling.de\\\/wp-content\\\/uploads\\\/2018\\\/09\\\/Possehl.jpg\",\"width\":260,\"height\":166},{\"@type\":\"BreadcrumbList\",\"@id\":\"https:\\\/\\\/rw-moisling.de\\\/index.php\\\/sparten\\\/fussball\\\/sponsoren\\\/#breadcrumb\",\"itemListElement\":[{\"@type\":\"ListItem\",\"position\":1,\"name\":\"Startseite\",\"item\":\"https:\\\/\\\/rw-moisling.de\\\/\"},{\"@type\":\"ListItem\",\"position\":2,\"name\":\"Sparten\",\"item\":\"https:\\\/\\\/rw-moisling.de\\\/index.php\\\/sparten\\\/\"},{\"@type\":\"ListItem\",\"position\":3,\"name\":\"Fu\u00dfball\",\"item\":\"https:\\\/\\\/rw-moisling.de\\\/index.php\\\/sparten\\\/fussball\\\/\"},{\"@type\":\"ListItem\",\"position\":4,\"name\":\"Sponsoren\"}]},{\"@type\":\"WebSite\",\"@id\":\"https:\\\/\\\/rw-moisling.de\\\/#website\",\"url\":\"https:\\\/\\\/rw-moisling.de\\\/\",\"name\":\"Rot-Wei\u00df Moisling von 1911 e.V.\",\"description\":\"\",\"potentialAction\":[{\"@type\":\"SearchAction\",\"target\":{\"@type\":\"EntryPoint\",\"urlTemplate\":\"https:\\\/\\\/rw-moisling.de\\\/?s={search_term_string}\"},\"query-input\":{\"@type\":\"PropertyValueSpecification\",\"valueRequired\":true,\"valueName\":\"search_term_string\"}}],\"inLanguage\":\"de\"}]}<\/script>\n<!-- \/ Yoast SEO plugin. -->","yoast_head_json":{"title":"Sponsoren - Rot-Wei\u00df Moisling","robots":{"index":"index","follow":"follow","max-snippet":"max-snippet:-1","max-image-preview":"max-image-preview:large","max-video-preview":"max-video-preview:-1"},"canonical":"https:\/\/rw-moisling.de\/index.php\/sparten\/fussball\/sponsoren\/","og_locale":"de_DE","og_type":"article","og_title":"Sponsoren - Rot-Wei\u00df Moisling","og_description":"Wir bedanken uns bei folgenden Sponsoren f\u00fcr die zuverl\u00e4ssige Unterst\u00fctzung &nbsp; \u00a0 \u00a0 \u00a0 \u00a0 \u00a0 \u00a0 \u00a0 \u00a0 \u00a0 \u00a0 \u00a0 \u00a0 \u00a0 \u00a0 \u00a0 \u00a0 \u00a0 \u00a0 \u00a0 \u00a0 \u00a0 \u00a0\u00a0\u00a0\u00a0\u00a0\u00a0\u00a0\u00a0\u00a0\u00a0\u00a0\u00a0\u00a0\u00a0\u00a0\u00a0\u00a0\u00a0\u00a0\u00a0\u00a0\u00a0\u00a0\u00a0\u00a0\u00a0\u00a0\u00a0\u00a0\u00a0 &nbsp; &nbsp;&hellip;","og_url":"https:\/\/rw-moisling.de\/index.php\/sparten\/fussball\/sponsoren\/","og_site_name":"Rot-Wei\u00df Moisling","article_modified_time":"2026-03-09T14:00:18+00:00","og_image":[{"width":260,"height":166,"url":"https:\/\/rw-moisling.de\/wp-content\/uploads\/2018\/09\/Possehl.jpg","type":"image\/jpeg"}],"twitter_card":"summary_large_image","twitter_misc":{"Gesch\u00e4tzte Lesezeit":"2\u00a0Minuten"},"schema":{"@context":"https:\/\/schema.org","@graph":[{"@type":"WebPage","@id":"https:\/\/rw-moisling.de\/index.php\/sparten\/fussball\/sponsoren\/","url":"https:\/\/rw-moisling.de\/index.php\/sparten\/fussball\/sponsoren\/","name":"Sponsoren - Rot-Wei\u00df Moisling","isPartOf":{"@id":"https:\/\/rw-moisling.de\/#website"},"primaryImageOfPage":{"@id":"https:\/\/rw-moisling.de\/index.php\/sparten\/fussball\/sponsoren\/#primaryimage"},"image":{"@id":"https:\/\/rw-moisling.de\/index.php\/sparten\/fussball\/sponsoren\/#primaryimage"},"thumbnailUrl":"https:\/\/rw-moisling.de\/wp-content\/uploads\/2018\/09\/Possehl.jpg","datePublished":"2018-07-02T08:09:22+00:00","dateModified":"2026-03-09T14:00:18+00:00","breadcrumb":{"@id":"https:\/\/rw-moisling.de\/index.php\/sparten\/fussball\/sponsoren\/#breadcrumb"},"inLanguage":"de","potentialAction":[{"@type":"ReadAction","target":["https:\/\/rw-moisling.de\/index.php\/sparten\/fussball\/sponsoren\/"]}]},{"@type":"ImageObject","inLanguage":"de","@id":"https:\/\/rw-moisling.de\/index.php\/sparten\/fussball\/sponsoren\/#primaryimage","url":"https:\/\/rw-moisling.de\/wp-content\/uploads\/2018\/09\/Possehl.jpg","contentUrl":"https:\/\/rw-moisling.de\/wp-content\/uploads\/2018\/09\/Possehl.jpg","width":260,"height":166},{"@type":"BreadcrumbList","@id":"https:\/\/rw-moisling.de\/index.php\/sparten\/fussball\/sponsoren\/#breadcrumb","itemListElement":[{"@type":"ListItem","position":1,"name":"Startseite","item":"https:\/\/rw-moisling.de\/"},{"@type":"ListItem","position":2,"name":"Sparten","item":"https:\/\/rw-moisling.de\/index.php\/sparten\/"},{"@type":"ListItem","position":3,"name":"Fu\u00dfball","item":"https:\/\/rw-moisling.de\/index.php\/sparten\/fussball\/"},{"@type":"ListItem","position":4,"name":"Sponsoren"}]},{"@type":"WebSite","@id":"https:\/\/rw-moisling.de\/#website","url":"https:\/\/rw-moisling.de\/","name":"Rot-Wei\u00df Moisling von 1911 e.V.","description":"","potentialAction":[{"@type":"SearchAction","target":{"@type":"EntryPoint","urlTemplate":"https:\/\/rw-moisling.de\/?s={search_term_string}"},"query-input":{"@type":"PropertyValueSpecification","valueRequired":true,"valueName":"search_term_string"}}],"inLanguage":"de"}]}},"_links":{"self":[{"href":"https:\/\/rw-moisling.de\/index.php\/wp-json\/wp\/v2\/pages\/1190","targetHints":{"allow":["GET"]}}],"collection":[{"href":"https:\/\/rw-moisling.de\/index.php\/wp-json\/wp\/v2\/pages"}],"about":[{"href":"https:\/\/rw-moisling.de\/index.php\/wp-json\/wp\/v2\/types\/page"}],"author":[{"embeddable":true,"href":"https:\/\/rw-moisling.de\/index.php\/wp-json\/wp\/v2\/users\/1"}],"replies":[{"embeddable":true,"href":"https:\/\/rw-moisling.de\/index.php\/wp-json\/wp\/v2\/comments?post=1190"}],"version-history":[{"count":15,"href":"https:\/\/rw-moisling.de\/index.php\/wp-json\/wp\/v2\/pages\/1190\/revisions"}],"predecessor-version":[{"id":4284,"href":"https:\/\/rw-moisling.de\/index.php\/wp-json\/wp\/v2\/pages\/1190\/revisions\/4284"}],"up":[{"embeddable":true,"href":"https:\/\/rw-moisling.de\/index.php\/wp-json\/wp\/v2\/pages\/127"}],"wp:attachment":[{"href":"https:\/\/rw-moisling.de\/index.php\/wp-json\/wp\/v2\/media?parent=1190"}],"curies":[{"name":"wp","href":"https:\/\/api.w.org\/{rel}","templated":true}]}}