{"id":106,"date":"2017-05-23T16:19:03","date_gmt":"2017-05-23T14:19:03","guid":{"rendered":"http:\/\/rw-moisling.de\/?page_id=106"},"modified":"2026-02-16T10:32:55","modified_gmt":"2026-02-16T09:32:55","slug":"vereinsheim","status":"publish","type":"page","link":"https:\/\/rw-moisling.de\/index.php\/vereinsheim\/","title":{"rendered":"Vereinsheim"},"content":{"rendered":"<h1>Sportgastst\u00e4tte Anpfiff<\/h1>\n<h2>im Vereinsheim Rot-Wei\u00df Moisling<\/h2>\n<p>Seit <em>September 2024<\/em> gibt es wieder Bundesliga auf Sky.<\/p>\n<p><strong>Unsere aktuellen \u00d6ffnungszeiten findet ihr auf unserer Facebook-Seite:<\/strong><br \/>\n<a href=\"https:\/\/www.facebook.com\/profile.php?id=100054554554019\" target=\"_blank\" rel=\"noopener\">Sportgastst\u00e4tte Anpfiff<\/a><\/p>\n<p>&nbsp;<\/p>\n<p>Ihr sucht noch einen Raum f\u00fcr Eure Feier? Dann meldet Euch einfach und reserviert schnell. Wir freuen uns auf Euch!<\/p>\n<p>F\u00fcr weitere \u00d6ffnungszeiten und Anfragen gerne einfach anfragen bei <strong>Martina Plieske<\/strong><\/p>\n<p>\u00fcber <strong><a href=\"&#109;&#097;&#105;&#108;&#116;&#111;&#058;&#115;&#112;&#111;&#114;&#116;&#103;&#097;&#115;&#116;&#115;&#116;&#097;&#101;&#116;&#116;&#101;&#045;&#097;&#110;&#112;&#102;&#105;&#102;&#102;&#064;&#116;&#045;&#111;&#110;&#108;&#105;&#110;&#101;&#046;&#100;&#101;\">&#115;&#112;&#111;&#114;&#116;&#103;&#097;&#115;&#116;&#115;&#116;&#097;&#101;&#116;&#116;&#101;&#045;&#097;&#110;&#112;&#102;&#105;&#102;&#102;&#064;&#116;&#045;&#111;&#110;&#108;&#105;&#110;&#101;&#046;&#100;&#101;<\/a><\/strong> oder unter <strong>0163-7933946<\/strong>!<\/p>\n","protected":false},"excerpt":{"rendered":"<p>Sportgastst\u00e4tte Anpfiff im Vereinsheim Rot-Wei\u00df Moisling Seit September 2024 gibt es wieder Bundesliga auf Sky. Unsere aktuellen \u00d6ffnungszeiten findet ihr auf unserer Facebook-Seite: Sportgastst\u00e4tte Anpfiff &nbsp; Ihr sucht noch einen Raum f\u00fcr Eure Feier? Dann&hellip;<\/p>\n","protected":false},"author":1,"featured_media":0,"parent":0,"menu_order":0,"comment_status":"closed","ping_status":"closed","template":"","meta":{"footnotes":""},"class_list":["post-106","page","type-page","status-publish","hentry"],"yoast_head":"<!-- This site is optimized with the Yoast SEO plugin v27.3 - https:\/\/yoast.com\/product\/yoast-seo-wordpress\/ -->\n<title>Vereinsheim - Rot-Wei\u00df Moisling<\/title>\n<meta name=\"robots\" content=\"index, follow, max-snippet:-1, max-image-preview:large, max-video-preview:-1\" \/>\n<link rel=\"canonical\" href=\"https:\/\/rw-moisling.de\/index.php\/vereinsheim\/\" \/>\n<meta property=\"og:locale\" content=\"de_DE\" \/>\n<meta property=\"og:type\" content=\"article\" \/>\n<meta property=\"og:title\" content=\"Vereinsheim - Rot-Wei\u00df Moisling\" \/>\n<meta property=\"og:description\" content=\"Sportgastst\u00e4tte Anpfiff im Vereinsheim Rot-Wei\u00df Moisling Seit September 2024 gibt es wieder Bundesliga auf Sky. Unsere aktuellen \u00d6ffnungszeiten findet ihr auf unserer Facebook-Seite: Sportgastst\u00e4tte Anpfiff &nbsp; Ihr sucht noch einen Raum f\u00fcr Eure Feier? Dann&hellip;\" \/>\n<meta property=\"og:url\" content=\"https:\/\/rw-moisling.de\/index.php\/vereinsheim\/\" \/>\n<meta property=\"og:site_name\" content=\"Rot-Wei\u00df Moisling\" \/>\n<meta property=\"article:modified_time\" content=\"2026-02-16T09:32:55+00:00\" \/>\n<meta name=\"twitter:card\" content=\"summary_large_image\" \/>\n<meta name=\"twitter:label1\" content=\"Gesch\u00e4tzte Lesezeit\" \/>\n\t<meta name=\"twitter:data1\" content=\"1\u00a0Minute\" \/>\n<script type=\"application\/ld+json\" class=\"yoast-schema-graph\">{\"@context\":\"https:\\\/\\\/schema.org\",\"@graph\":[{\"@type\":\"WebPage\",\"@id\":\"https:\\\/\\\/rw-moisling.de\\\/index.php\\\/vereinsheim\\\/\",\"url\":\"https:\\\/\\\/rw-moisling.de\\\/index.php\\\/vereinsheim\\\/\",\"name\":\"Vereinsheim - Rot-Wei\u00df Moisling\",\"isPartOf\":{\"@id\":\"https:\\\/\\\/rw-moisling.de\\\/#website\"},\"datePublished\":\"2017-05-23T14:19:03+00:00\",\"dateModified\":\"2026-02-16T09:32:55+00:00\",\"breadcrumb\":{\"@id\":\"https:\\\/\\\/rw-moisling.de\\\/index.php\\\/vereinsheim\\\/#breadcrumb\"},\"inLanguage\":\"de\",\"potentialAction\":[{\"@type\":\"ReadAction\",\"target\":[\"https:\\\/\\\/rw-moisling.de\\\/index.php\\\/vereinsheim\\\/\"]}]},{\"@type\":\"BreadcrumbList\",\"@id\":\"https:\\\/\\\/rw-moisling.de\\\/index.php\\\/vereinsheim\\\/#breadcrumb\",\"itemListElement\":[{\"@type\":\"ListItem\",\"position\":1,\"name\":\"Startseite\",\"item\":\"https:\\\/\\\/rw-moisling.de\\\/\"},{\"@type\":\"ListItem\",\"position\":2,\"name\":\"Vereinsheim\"}]},{\"@type\":\"WebSite\",\"@id\":\"https:\\\/\\\/rw-moisling.de\\\/#website\",\"url\":\"https:\\\/\\\/rw-moisling.de\\\/\",\"name\":\"Rot-Wei\u00df Moisling von 1911 e.V.\",\"description\":\"\",\"potentialAction\":[{\"@type\":\"SearchAction\",\"target\":{\"@type\":\"EntryPoint\",\"urlTemplate\":\"https:\\\/\\\/rw-moisling.de\\\/?s={search_term_string}\"},\"query-input\":{\"@type\":\"PropertyValueSpecification\",\"valueRequired\":true,\"valueName\":\"search_term_string\"}}],\"inLanguage\":\"de\"}]}<\/script>\n<!-- \/ Yoast SEO plugin. -->","yoast_head_json":{"title":"Vereinsheim - Rot-Wei\u00df Moisling","robots":{"index":"index","follow":"follow","max-snippet":"max-snippet:-1","max-image-preview":"max-image-preview:large","max-video-preview":"max-video-preview:-1"},"canonical":"https:\/\/rw-moisling.de\/index.php\/vereinsheim\/","og_locale":"de_DE","og_type":"article","og_title":"Vereinsheim - Rot-Wei\u00df Moisling","og_description":"Sportgastst\u00e4tte Anpfiff im Vereinsheim Rot-Wei\u00df Moisling Seit September 2024 gibt es wieder Bundesliga auf Sky. Unsere aktuellen \u00d6ffnungszeiten findet ihr auf unserer Facebook-Seite: Sportgastst\u00e4tte Anpfiff &nbsp; Ihr sucht noch einen Raum f\u00fcr Eure Feier? Dann&hellip;","og_url":"https:\/\/rw-moisling.de\/index.php\/vereinsheim\/","og_site_name":"Rot-Wei\u00df Moisling","article_modified_time":"2026-02-16T09:32:55+00:00","twitter_card":"summary_large_image","twitter_misc":{"Gesch\u00e4tzte Lesezeit":"1\u00a0Minute"},"schema":{"@context":"https:\/\/schema.org","@graph":[{"@type":"WebPage","@id":"https:\/\/rw-moisling.de\/index.php\/vereinsheim\/","url":"https:\/\/rw-moisling.de\/index.php\/vereinsheim\/","name":"Vereinsheim - Rot-Wei\u00df Moisling","isPartOf":{"@id":"https:\/\/rw-moisling.de\/#website"},"datePublished":"2017-05-23T14:19:03+00:00","dateModified":"2026-02-16T09:32:55+00:00","breadcrumb":{"@id":"https:\/\/rw-moisling.de\/index.php\/vereinsheim\/#breadcrumb"},"inLanguage":"de","potentialAction":[{"@type":"ReadAction","target":["https:\/\/rw-moisling.de\/index.php\/vereinsheim\/"]}]},{"@type":"BreadcrumbList","@id":"https:\/\/rw-moisling.de\/index.php\/vereinsheim\/#breadcrumb","itemListElement":[{"@type":"ListItem","position":1,"name":"Startseite","item":"https:\/\/rw-moisling.de\/"},{"@type":"ListItem","position":2,"name":"Vereinsheim"}]},{"@type":"WebSite","@id":"https:\/\/rw-moisling.de\/#website","url":"https:\/\/rw-moisling.de\/","name":"Rot-Wei\u00df Moisling von 1911 e.V.","description":"","potentialAction":[{"@type":"SearchAction","target":{"@type":"EntryPoint","urlTemplate":"https:\/\/rw-moisling.de\/?s={search_term_string}"},"query-input":{"@type":"PropertyValueSpecification","valueRequired":true,"valueName":"search_term_string"}}],"inLanguage":"de"}]}},"_links":{"self":[{"href":"https:\/\/rw-moisling.de\/index.php\/wp-json\/wp\/v2\/pages\/106","targetHints":{"allow":["GET"]}}],"collection":[{"href":"https:\/\/rw-moisling.de\/index.php\/wp-json\/wp\/v2\/pages"}],"about":[{"href":"https:\/\/rw-moisling.de\/index.php\/wp-json\/wp\/v2\/types\/page"}],"author":[{"embeddable":true,"href":"https:\/\/rw-moisling.de\/index.php\/wp-json\/wp\/v2\/users\/1"}],"replies":[{"embeddable":true,"href":"https:\/\/rw-moisling.de\/index.php\/wp-json\/wp\/v2\/comments?post=106"}],"version-history":[{"count":60,"href":"https:\/\/rw-moisling.de\/index.php\/wp-json\/wp\/v2\/pages\/106\/revisions"}],"predecessor-version":[{"id":4267,"href":"https:\/\/rw-moisling.de\/index.php\/wp-json\/wp\/v2\/pages\/106\/revisions\/4267"}],"wp:attachment":[{"href":"https:\/\/rw-moisling.de\/index.php\/wp-json\/wp\/v2\/media?parent=106"}],"curies":[{"name":"wp","href":"https:\/\/api.w.org\/{rel}","templated":true}]}}