{"id":102,"date":"2017-05-23T15:18:39","date_gmt":"2017-05-23T13:18:39","guid":{"rendered":"http:\/\/rw-moisling.de\/?page_id=102"},"modified":"2026-01-15T10:00:04","modified_gmt":"2026-01-15T09:00:04","slug":"sparten","status":"publish","type":"page","link":"https:\/\/rw-moisling.de\/index.php\/sparten\/","title":{"rendered":"Sparten"},"content":{"rendered":"<p>&nbsp;<\/p>\n<div class=\"gallery-wrapper\">\n<figure class=\"alignnone\"><a href=\"https:\/\/rw-moisling.de\/index.php\/sparten\/body-workout\/\"><img loading=\"lazy\" decoding=\"async\" class=\"alignnone wp-image-955 size-thumbnail\" style=\"margin-bottom: -1em;\" src=\"https:\/\/rw-moisling.de\/wp-content\/uploads\/2017\/05\/icon_turnen_gymnastik_weiss_auf_rot_50mm_rgb_300dpi.jpg\" alt=\"Body-Workout\" width=\"150\" height=\"150\" srcset=\"https:\/\/rw-moisling.de\/wp-content\/uploads\/2017\/05\/icon_turnen_gymnastik_weiss_auf_rot_50mm_rgb_300dpi.jpg 827w, https:\/\/rw-moisling.de\/wp-content\/uploads\/2017\/05\/icon_turnen_gymnastik_weiss_auf_rot_50mm_rgb_300dpi-150x150.jpg 150w, https:\/\/rw-moisling.de\/wp-content\/uploads\/2017\/05\/icon_turnen_gymnastik_weiss_auf_rot_50mm_rgb_300dpi-300x300.jpg 300w, https:\/\/rw-moisling.de\/wp-content\/uploads\/2017\/05\/icon_turnen_gymnastik_weiss_auf_rot_50mm_rgb_300dpi-768x768.jpg 768w\" sizes=\"auto, (max-width: 150px) 100vw, 150px\" \/><\/a><figcaption class=\"wp-caption-text\" style=\"text-align: center;\"><a href=\"https:\/\/rw-moisling.de\/index.php\/sparten\/turnen\/\">Body-Workout<\/a><\/figcaption><\/figure>\n<figure class=\"alignnone\"><a href=\"https:\/\/rw-moisling.de\/index.php\/sparten\/fussball\/\"><img loading=\"lazy\" decoding=\"async\" class=\"alignnone wp-image-959 size-thumbnail\" style=\"margin-bottom: -1em;\" src=\"https:\/\/rw-moisling.de\/wp-content\/uploads\/2017\/05\/icon_fussball_weiss_auf_rot_50mm_rgb_300dpi-150x150.jpg\" alt=\"Fu\u00dfball\" width=\"150\" height=\"150\" srcset=\"https:\/\/rw-moisling.de\/wp-content\/uploads\/2017\/05\/icon_fussball_weiss_auf_rot_50mm_rgb_300dpi-150x150.jpg 150w, https:\/\/rw-moisling.de\/wp-content\/uploads\/2017\/05\/icon_fussball_weiss_auf_rot_50mm_rgb_300dpi-300x300.jpg 300w, https:\/\/rw-moisling.de\/wp-content\/uploads\/2017\/05\/icon_fussball_weiss_auf_rot_50mm_rgb_300dpi-768x768.jpg 768w, https:\/\/rw-moisling.de\/wp-content\/uploads\/2017\/05\/icon_fussball_weiss_auf_rot_50mm_rgb_300dpi.jpg 827w\" sizes=\"auto, (max-width: 150px) 100vw, 150px\" \/><\/a><figcaption class=\"wp-caption-text\" style=\"text-align: center;\"><a href=\"https:\/\/rw-moisling.de\/index.php\/sparten\/fussball\/\">Fu\u00dfball<\/a><\/figcaption><\/figure>\n<figure class=\"alignnone\"><a href=\"https:\/\/rw-moisling.de\/index.php\/sparten\/hallenradsport\/\"><img loading=\"lazy\" decoding=\"async\" class=\"alignnone wp-image-1292 size-thumbnail\" style=\"margin-bottom: -1em;\" src=\"https:\/\/rw-moisling.de\/wp-content\/uploads\/2018\/09\/Logo-2-150x150.png\" alt=\"Logo Hallenradsport\" width=\"150\" height=\"150\" srcset=\"https:\/\/rw-moisling.de\/wp-content\/uploads\/2018\/09\/Logo-2-150x150.png 150w, https:\/\/rw-moisling.de\/wp-content\/uploads\/2018\/09\/Logo-2-300x300.png 300w, https:\/\/rw-moisling.de\/wp-content\/uploads\/2018\/09\/Logo-2.png 471w\" sizes=\"auto, (max-width: 150px) 100vw, 150px\" \/><\/a><figcaption class=\"wp-caption-text\" style=\"text-align: center;\"><a href=\"https:\/\/rw-moisling.de\/index.php\/sparten\/hallenradsport\/\">Hallenradsport<\/a><\/figcaption><\/figure>\n<figure class=\"alignnone\"><a href=\"https:\/\/rw-moisling.de\/index.php\/sparten\/handball\/\"><img loading=\"lazy\" decoding=\"async\" class=\"alignnone wp-image-958 size-thumbnail\" style=\"margin-bottom: -1em;\" src=\"https:\/\/rw-moisling.de\/wp-content\/uploads\/2026\/01\/icon_handball_weiss_auf_rot_50mm_rgb_300dpi-150x150-1.png\" alt=\"Handball\" width=\"150\" height=\"150\" \/><\/a><figcaption class=\"wp-caption-text\" style=\"text-align: center;\"><a href=\"https:\/\/rw-moisling.de\/index.php\/sparten\/handball\/\">Handball<\/a><\/figcaption><\/figure>\n<figure class=\"alignnone\"><a href=\"https:\/\/rw-moisling.de\/index.php\/sparten\/karate\/\"><img loading=\"lazy\" decoding=\"async\" class=\"alignnone wp-image-960 size-thumbnail\" style=\"margin-bottom: -1em;\" src=\"https:\/\/rw-moisling.de\/wp-content\/uploads\/2026\/01\/icon_karate_weiss_auf_rot_50mm_rgb_300dpi-150x150-1.png\" alt=\"Karate\" width=\"150\" height=\"150\" \/><\/a><figcaption class=\"wp-caption-text\" style=\"text-align: center;\"><a href=\"https:\/\/rw-moisling.de\/index.php\/sparten\/karate\/\">Karate<\/a><\/figcaption><\/figure>\n<figure class=\"alignnone\"><a href=\"https:\/\/rw-moisling.de\/index.php\/sparten\/turnen\/\"><img loading=\"lazy\" decoding=\"async\" class=\"alignnone wp-image-955 size-thumbnail\" style=\"margin-bottom: -1em;\" src=\"https:\/\/rw-moisling.de\/wp-content\/uploads\/2026\/01\/Kinderturnen_150x150_202506.png\" alt=\"Kinderturnen\" width=\"150\" height=\"150\" \/><\/a><figcaption class=\"wp-caption-text\" style=\"text-align: center;\"><a href=\"https:\/\/rw-moisling.de\/index.php\/sparten\/turnen\/\">Kinderturnen<\/a><\/figcaption><\/figure>\n<figure class=\"alignnone\"><a href=\"https:\/\/rw-moisling.de\/index.php\/sparten\/spielmannszug\/\"><img loading=\"lazy\" decoding=\"async\" class=\"alignnone wp-image-3376 size-thumbnail\" style=\"margin-bottom: -1em;\" src=\"https:\/\/rw-moisling.de\/wp-content\/uploads\/2026\/01\/Logo-Musik-neu-150x150-1.png\" alt=\"Musik\" width=\"150\" height=\"150\" \/><\/a><figcaption class=\"wp-caption-text\" style=\"text-align: center;\"><a href=\"https:\/\/rw-moisling.de\/index.php\/sparten\/spielmannszug\/\">Musik<\/a><\/figcaption><\/figure>\n<figure class=\"alignnone\"><a href=\"https:\/\/rw-moisling.de\/index.php\/sparten\/nordic-walking\/\"><img loading=\"lazy\" decoding=\"async\" class=\"alignnone wp-image-955 size-thumbnail\" style=\"margin-bottom: -1em;\" src=\"https:\/\/rw-moisling.de\/wp-content\/uploads\/2025\/06\/NordicWalking_150x150_20250604.jpg\" alt=\"NordicWalking\" width=\"150\" height=\"150\" \/><\/a><figcaption class=\"wp-caption-text\" style=\"text-align: center;\"><a href=\"https:\/\/rw-moisling.de\/index.php\/sparten\/turnen\/\">Nordic Walking<\/a><\/figcaption><\/figure>\n<figure class=\"alignnone\"><a href=\"https:\/\/rw-moisling.de\/index.php\/sparten\/prellball\/\"><img loading=\"lazy\" decoding=\"async\" class=\"alignnone wp-image-1026 size-thumbnail\" style=\"margin-bottom: -1em;\" src=\"https:\/\/rw-moisling.de\/wp-content\/uploads\/2026\/01\/icon_prellball_weiss_auf_rot_50mm_rgb_300dpi-150x150-1.png\" alt=\"Prellball\" width=\"150\" height=\"150\" \/><\/a><figcaption class=\"wp-caption-text\" style=\"text-align: center;\"><a href=\"https:\/\/rw-moisling.de\/index.php\/sparten\/prellball\/\">Prellball<\/a><\/figcaption><\/figure>\n<figure class=\"alignnone\"><a href=\"https:\/\/rw-moisling.de\/index.php\/sparten\/rueckenfit\/\"><img loading=\"lazy\" decoding=\"async\" class=\"alignnone wp-image-955 size-thumbnail\" style=\"margin-bottom: -1em;\" src=\"https:\/\/rw-moisling.de\/wp-content\/uploads\/2025\/06\/RueckenFit_150x150_202506.jpg\" alt=\"R\u00fccken-Fit\" width=\"150\" height=\"150\" \/><\/a><figcaption class=\"wp-caption-text\" style=\"text-align: center;\"><a href=\"https:\/\/rw-moisling.de\/index.php\/sparten\/turnen\/\">R\u00fccken-Fit<\/a><\/figcaption><\/figure>\n<figure class=\"alignnone\"><a href=\"https:\/\/rw-moisling.de\/index.php\/sparten\/tischtennis\/\"><img loading=\"lazy\" decoding=\"async\" class=\"alignnone wp-image-956 size-thumbnail\" style=\"margin-bottom: -1em;\" src=\"https:\/\/rw-moisling.de\/wp-content\/uploads\/2026\/01\/icon_tischtennis_weiss_auf_rot_50mm_rgb_300dpi-150x150-1.png\" alt=\"Tischtennis\" width=\"150\" height=\"150\" \/><\/a><figcaption class=\"wp-caption-text\" style=\"text-align: center;\"><a href=\"https:\/\/rw-moisling.de\/index.php\/sparten\/tischtennis\/\">Tischtennis<\/a><\/figcaption><\/figure>\n<figure class=\"alignnone\"><a href=\"https:\/\/rw-moisling.de\/index.php\/sparten\/yoga\/\"><img loading=\"lazy\" decoding=\"async\" class=\"alignnone wp-image-962 size-thumbnail\" style=\"margin-bottom: -1em;\" src=\"https:\/\/rw-moisling.de\/wp-content\/uploads\/2025\/06\/Yoga_150x150_202506.jpg\" alt=\"Yoga\" width=\"150\" height=\"150\" \/><\/a><figcaption class=\"wp-caption-text\" style=\"text-align: center;\"><a href=\"https:\/\/rw-moisling.de\/index.php\/sparten\/fitness\/\">Yoga<\/a><\/figcaption><\/figure>\n<\/div>\n<p style=\"text-align: center;\">\u00a9DOSB\/Sportdeutschland<\/p>\n","protected":false},"excerpt":{"rendered":"<p>&nbsp; Body-Workout Fu\u00dfball Hallenradsport Handball Karate Kinderturnen Musik Nordic Walking Prellball R\u00fccken-Fit Tischtennis Yoga \u00a9DOSB\/Sportdeutschland<\/p>\n","protected":false},"author":1,"featured_media":0,"parent":0,"menu_order":0,"comment_status":"closed","ping_status":"closed","template":"","meta":{"footnotes":""},"class_list":["post-102","page","type-page","status-publish","hentry"],"yoast_head":"<!-- This site is optimized with the Yoast SEO plugin v27.5 - https:\/\/yoast.com\/product\/yoast-seo-wordpress\/ -->\n<title>Sparten - Rot-Wei\u00df Moisling<\/title>\n<meta name=\"robots\" content=\"index, follow, max-snippet:-1, max-image-preview:large, max-video-preview:-1\" \/>\n<link rel=\"canonical\" href=\"https:\/\/rw-moisling.de\/index.php\/sparten\/\" \/>\n<meta property=\"og:locale\" content=\"de_DE\" \/>\n<meta property=\"og:type\" content=\"article\" \/>\n<meta property=\"og:title\" content=\"Sparten - Rot-Wei\u00df Moisling\" \/>\n<meta property=\"og:description\" content=\"&nbsp; Body-Workout Fu\u00dfball Hallenradsport Handball Karate Kinderturnen Musik Nordic Walking Prellball R\u00fccken-Fit Tischtennis Yoga \u00a9DOSB\/Sportdeutschland\" \/>\n<meta property=\"og:url\" content=\"https:\/\/rw-moisling.de\/index.php\/sparten\/\" \/>\n<meta property=\"og:site_name\" content=\"Rot-Wei\u00df Moisling\" \/>\n<meta property=\"article:modified_time\" content=\"2026-01-15T09:00:04+00:00\" \/>\n<meta property=\"og:image\" content=\"https:\/\/rw-moisling.de\/wp-content\/uploads\/2017\/05\/icon_turnen_gymnastik_weiss_auf_rot_50mm_rgb_300dpi.jpg\" \/>\n\t<meta property=\"og:image:width\" content=\"827\" \/>\n\t<meta property=\"og:image:height\" content=\"827\" \/>\n\t<meta property=\"og:image:type\" content=\"image\/jpeg\" \/>\n<meta name=\"twitter:card\" content=\"summary_large_image\" \/>\n<meta name=\"twitter:label1\" content=\"Gesch\u00e4tzte Lesezeit\" \/>\n\t<meta name=\"twitter:data1\" content=\"3\u00a0Minuten\" \/>\n<script type=\"application\/ld+json\" class=\"yoast-schema-graph\">{\"@context\":\"https:\\\/\\\/schema.org\",\"@graph\":[{\"@type\":\"WebPage\",\"@id\":\"https:\\\/\\\/rw-moisling.de\\\/index.php\\\/sparten\\\/\",\"url\":\"https:\\\/\\\/rw-moisling.de\\\/index.php\\\/sparten\\\/\",\"name\":\"Sparten - Rot-Wei\u00df Moisling\",\"isPartOf\":{\"@id\":\"https:\\\/\\\/rw-moisling.de\\\/#website\"},\"primaryImageOfPage\":{\"@id\":\"https:\\\/\\\/rw-moisling.de\\\/index.php\\\/sparten\\\/#primaryimage\"},\"image\":{\"@id\":\"https:\\\/\\\/rw-moisling.de\\\/index.php\\\/sparten\\\/#primaryimage\"},\"thumbnailUrl\":\"https:\\\/\\\/rw-moisling.de\\\/wp-content\\\/uploads\\\/2017\\\/05\\\/icon_turnen_gymnastik_weiss_auf_rot_50mm_rgb_300dpi.jpg\",\"datePublished\":\"2017-05-23T13:18:39+00:00\",\"dateModified\":\"2026-01-15T09:00:04+00:00\",\"breadcrumb\":{\"@id\":\"https:\\\/\\\/rw-moisling.de\\\/index.php\\\/sparten\\\/#breadcrumb\"},\"inLanguage\":\"de\",\"potentialAction\":[{\"@type\":\"ReadAction\",\"target\":[\"https:\\\/\\\/rw-moisling.de\\\/index.php\\\/sparten\\\/\"]}]},{\"@type\":\"ImageObject\",\"inLanguage\":\"de\",\"@id\":\"https:\\\/\\\/rw-moisling.de\\\/index.php\\\/sparten\\\/#primaryimage\",\"url\":\"https:\\\/\\\/rw-moisling.de\\\/wp-content\\\/uploads\\\/2017\\\/05\\\/icon_turnen_gymnastik_weiss_auf_rot_50mm_rgb_300dpi.jpg\",\"contentUrl\":\"https:\\\/\\\/rw-moisling.de\\\/wp-content\\\/uploads\\\/2017\\\/05\\\/icon_turnen_gymnastik_weiss_auf_rot_50mm_rgb_300dpi.jpg\",\"width\":827,\"height\":827,\"caption\":\"Turnen\"},{\"@type\":\"BreadcrumbList\",\"@id\":\"https:\\\/\\\/rw-moisling.de\\\/index.php\\\/sparten\\\/#breadcrumb\",\"itemListElement\":[{\"@type\":\"ListItem\",\"position\":1,\"name\":\"Startseite\",\"item\":\"https:\\\/\\\/rw-moisling.de\\\/\"},{\"@type\":\"ListItem\",\"position\":2,\"name\":\"Sparten\"}]},{\"@type\":\"WebSite\",\"@id\":\"https:\\\/\\\/rw-moisling.de\\\/#website\",\"url\":\"https:\\\/\\\/rw-moisling.de\\\/\",\"name\":\"Rot-Wei\u00df Moisling von 1911 e.V.\",\"description\":\"\",\"potentialAction\":[{\"@type\":\"SearchAction\",\"target\":{\"@type\":\"EntryPoint\",\"urlTemplate\":\"https:\\\/\\\/rw-moisling.de\\\/?s={search_term_string}\"},\"query-input\":{\"@type\":\"PropertyValueSpecification\",\"valueRequired\":true,\"valueName\":\"search_term_string\"}}],\"inLanguage\":\"de\"}]}<\/script>\n<!-- \/ Yoast SEO plugin. -->","yoast_head_json":{"title":"Sparten - Rot-Wei\u00df Moisling","robots":{"index":"index","follow":"follow","max-snippet":"max-snippet:-1","max-image-preview":"max-image-preview:large","max-video-preview":"max-video-preview:-1"},"canonical":"https:\/\/rw-moisling.de\/index.php\/sparten\/","og_locale":"de_DE","og_type":"article","og_title":"Sparten - Rot-Wei\u00df Moisling","og_description":"&nbsp; Body-Workout Fu\u00dfball Hallenradsport Handball Karate Kinderturnen Musik Nordic Walking Prellball R\u00fccken-Fit Tischtennis Yoga \u00a9DOSB\/Sportdeutschland","og_url":"https:\/\/rw-moisling.de\/index.php\/sparten\/","og_site_name":"Rot-Wei\u00df Moisling","article_modified_time":"2026-01-15T09:00:04+00:00","og_image":[{"width":827,"height":827,"url":"https:\/\/rw-moisling.de\/wp-content\/uploads\/2017\/05\/icon_turnen_gymnastik_weiss_auf_rot_50mm_rgb_300dpi.jpg","type":"image\/jpeg"}],"twitter_card":"summary_large_image","twitter_misc":{"Gesch\u00e4tzte Lesezeit":"3\u00a0Minuten"},"schema":{"@context":"https:\/\/schema.org","@graph":[{"@type":"WebPage","@id":"https:\/\/rw-moisling.de\/index.php\/sparten\/","url":"https:\/\/rw-moisling.de\/index.php\/sparten\/","name":"Sparten - Rot-Wei\u00df Moisling","isPartOf":{"@id":"https:\/\/rw-moisling.de\/#website"},"primaryImageOfPage":{"@id":"https:\/\/rw-moisling.de\/index.php\/sparten\/#primaryimage"},"image":{"@id":"https:\/\/rw-moisling.de\/index.php\/sparten\/#primaryimage"},"thumbnailUrl":"https:\/\/rw-moisling.de\/wp-content\/uploads\/2017\/05\/icon_turnen_gymnastik_weiss_auf_rot_50mm_rgb_300dpi.jpg","datePublished":"2017-05-23T13:18:39+00:00","dateModified":"2026-01-15T09:00:04+00:00","breadcrumb":{"@id":"https:\/\/rw-moisling.de\/index.php\/sparten\/#breadcrumb"},"inLanguage":"de","potentialAction":[{"@type":"ReadAction","target":["https:\/\/rw-moisling.de\/index.php\/sparten\/"]}]},{"@type":"ImageObject","inLanguage":"de","@id":"https:\/\/rw-moisling.de\/index.php\/sparten\/#primaryimage","url":"https:\/\/rw-moisling.de\/wp-content\/uploads\/2017\/05\/icon_turnen_gymnastik_weiss_auf_rot_50mm_rgb_300dpi.jpg","contentUrl":"https:\/\/rw-moisling.de\/wp-content\/uploads\/2017\/05\/icon_turnen_gymnastik_weiss_auf_rot_50mm_rgb_300dpi.jpg","width":827,"height":827,"caption":"Turnen"},{"@type":"BreadcrumbList","@id":"https:\/\/rw-moisling.de\/index.php\/sparten\/#breadcrumb","itemListElement":[{"@type":"ListItem","position":1,"name":"Startseite","item":"https:\/\/rw-moisling.de\/"},{"@type":"ListItem","position":2,"name":"Sparten"}]},{"@type":"WebSite","@id":"https:\/\/rw-moisling.de\/#website","url":"https:\/\/rw-moisling.de\/","name":"Rot-Wei\u00df Moisling von 1911 e.V.","description":"","potentialAction":[{"@type":"SearchAction","target":{"@type":"EntryPoint","urlTemplate":"https:\/\/rw-moisling.de\/?s={search_term_string}"},"query-input":{"@type":"PropertyValueSpecification","valueRequired":true,"valueName":"search_term_string"}}],"inLanguage":"de"}]}},"_links":{"self":[{"href":"https:\/\/rw-moisling.de\/index.php\/wp-json\/wp\/v2\/pages\/102","targetHints":{"allow":["GET"]}}],"collection":[{"href":"https:\/\/rw-moisling.de\/index.php\/wp-json\/wp\/v2\/pages"}],"about":[{"href":"https:\/\/rw-moisling.de\/index.php\/wp-json\/wp\/v2\/types\/page"}],"author":[{"embeddable":true,"href":"https:\/\/rw-moisling.de\/index.php\/wp-json\/wp\/v2\/users\/1"}],"replies":[{"embeddable":true,"href":"https:\/\/rw-moisling.de\/index.php\/wp-json\/wp\/v2\/comments?post=102"}],"version-history":[{"count":41,"href":"https:\/\/rw-moisling.de\/index.php\/wp-json\/wp\/v2\/pages\/102\/revisions"}],"predecessor-version":[{"id":4071,"href":"https:\/\/rw-moisling.de\/index.php\/wp-json\/wp\/v2\/pages\/102\/revisions\/4071"}],"wp:attachment":[{"href":"https:\/\/rw-moisling.de\/index.php\/wp-json\/wp\/v2\/media?parent=102"}],"curies":[{"name":"wp","href":"https:\/\/api.w.org\/{rel}","templated":true}]}}